{"id":1746,"date":"2022-06-22T19:23:51","date_gmt":"2022-06-22T19:23:51","guid":{"rendered":"https:\/\/actons.local\/?page_id=1746"},"modified":"2022-07-05T16:24:50","modified_gmt":"2022-07-05T16:24:50","slug":"offers","status":"publish","type":"page","link":"https:\/\/www.actonshotelkinsale.com\/fr\/offers\/","title":{"rendered":"Offres"},"content":{"rendered":"<div id=\"block_62b36c0b112fb\" class=\"content-block hero-image-header-block\">\n             \n  \n  <div class=\"hero-image-header-block__bgImage\" style=\"background: url(https:\/\/www.actonshotelkinsale.com\/wp-content\/uploads\/2022\/06\/Offers-Hero@2x.jpg) center center \/ cover no-repeat;\"><\/div>\n  <div class=\"hero-image-header-block__overlay\"><\/div>\n  <div class=\"hero-image-header-block__text col-lg-8\" data-aos=\"fade-up\"><h3 class=\"fs-4\">Derni\u00e8res offres<\/h3>\n<h1 class=\"fs-1\">Profitez d'un petit quelque chose de sp\u00e9cial de notre part<\/h1>\n<\/div>\n\n\n  \n<\/div>\n\n\n\n\n\n<div id=\"block_62b36c3e112fc\" class=\"content-block card-grid-block spacing-top spacing-bottom\">\n             \n  \n\n\n<div class=\"container\">\n   <div class=\"card-grid-block__items row\">\n               <div class=\"card-grid-block__item\">\n            <div class=\"card-grid-block__item__info\">\n               <div class=\"card-grid-block__image\" data-aos=\"fade-up\">\n                                    <img decoding=\"async\" src=\"https:\/\/www.actonshotelkinsale.com\/wp-content\/uploads\/2022\/04\/Stay-Longer-for-Less@2x.webp\" alt=\"\">\n               <\/div>\n               <h4 data-aos=\"fade-up\" data-aos-delay=\"50\">Restez plus longtemps pour moins cher<\/h4>\n               <div data-aos=\"fade-up\" data-aos-delay=\"100\"><p><span style=\"font-weight: 400;\">Stay with us for 2 nights, or more, and enjoy a discount on your booking as you explore the beauty that is Kinsale.\u00a0<\/span><\/p>\n<\/div>\n                                 <a class=\"card-cta\" href=\"https:\/\/secure.actonshotelkinsale.com\/convert\/site\/Actons%20Hotel\/en\/results.php?checkin=2022-04-18&#038;nights=1&#038;currency=EUR&#038;party=0%2C0%2C0%2C0%2C0%2C0&#038;_ga=2.95326876.1036245894.1655919399-1221895104.1643906275\" target=\"_blank\" data-aos=\"fade-up\" data-aos-delay=\"150\">R\u00e9servez maintenant<\/a>\n                           <\/div>\n         <\/div>\n               <div class=\"card-grid-block__item\">\n            <div class=\"card-grid-block__item__info\">\n               <div class=\"card-grid-block__image\" data-aos=\"fade-up\">\n                                    <img decoding=\"async\" src=\"https:\/\/www.actonshotelkinsale.com\/wp-content\/uploads\/2022\/04\/Bed-Breakfast@2x.webp\" alt=\"\">\n               <\/div>\n               <h4 data-aos=\"fade-up\" data-aos-delay=\"50\">Chambre et petit d\u00e9jeuner<\/h4>\n               <div data-aos=\"fade-up\" data-aos-delay=\"100\"><p><span style=\"font-weight: 400;\">Overnight stays on the Wild Atlantic Way to enjoy our warm hospitality and best available rate all year round.<\/span><\/p>\n<\/div>\n                                 <a class=\"card-cta\" href=\"https:\/\/secure.actonshotelkinsale.com\/convert\/site\/Actons%20Hotel\/en\/results.php?checkin=2022-04-18&#038;nights=1&#038;currency=EUR&#038;party=0%2C0%2C0%2C0%2C0%2C0&#038;_ga=2.95326876.1036245894.1655919399-1221895104.1643906275\" target=\"_blank\" data-aos=\"fade-up\" data-aos-delay=\"150\">V\u00e9rifier la disponibilit\u00e9<\/a>\n                           <\/div>\n         <\/div>\n               <div class=\"card-grid-block__item\">\n            <div class=\"card-grid-block__item__info\">\n               <div class=\"card-grid-block__image\" data-aos=\"fade-up\">\n                                    <img decoding=\"async\" src=\"https:\/\/www.actonshotelkinsale.com\/wp-content\/uploads\/2022\/04\/Spring-Break@2x.webp\" alt=\"\">\n               <\/div>\n               <h4 data-aos=\"fade-up\" data-aos-delay=\"50\">Spring Stays in Kinsale 2026<\/h4>\n               <div data-aos=\"fade-up\" data-aos-delay=\"100\"><p><span style=\"font-weight: 400;\">\u00c9vadez-vous ce printemps et d\u00e9couvrez la beaut\u00e9 de Kinsale qui se r\u00e9veille de l'hiver.<\/span><\/p>\n<h3 class=\"text-accent fs-4\"><\/h3>\n<\/div>\n                                 <a class=\"card-cta\" href=\"https:\/\/secure.actonshotelkinsale.com\/convert\/site\/Actons%20Hotel\/en\/results\/rategroup\/158329674906805\/spring-breaks.html?checkin=2026-05-01&#038;nights=3&#038;partya=2&#038;checkinHinted=1\" target=\"\" data-aos=\"fade-up\" data-aos-delay=\"150\">Book Here: <\/a>\n                           <\/div>\n         <\/div>\n               <div class=\"card-grid-block__item\">\n            <div class=\"card-grid-block__item__info\">\n               <div class=\"card-grid-block__image\" data-aos=\"fade-up\">\n                                    <img decoding=\"async\" src=\"https:\/\/www.actonshotelkinsale.com\/wp-content\/uploads\/2022\/04\/Summer-Breaks@2x.webp\" alt=\"\">\n               <\/div>\n               <h4 data-aos=\"fade-up\" data-aos-delay=\"50\">Les plaisirs de l'\u00e9t\u00e9 \u00e0 Kinsale<\/h4>\n               <div data-aos=\"fade-up\" data-aos-delay=\"100\"><p><span style=\"font-weight: 400;\">Cet \u00e9t\u00e9, \u00e9vadez-vous \u00e0 Kinsale pour un s\u00e9jour sur la c\u00f4te.<\/span><\/p>\n<\/div>\n                                 <a class=\"card-cta\" href=\"https:\/\/secure.actonshotelkinsale.com\/convert\/site\/Actons%20Hotel\/en\/results\/rategroup\/158329674802462\/summer-breaks.html\" target=\"_blank\" data-aos=\"fade-up\" data-aos-delay=\"150\">En savoir plus<\/a>\n                           <\/div>\n         <\/div>\n               <div class=\"card-grid-block__item\">\n            <div class=\"card-grid-block__item__info\">\n               <div class=\"card-grid-block__image\" data-aos=\"fade-up\">\n                                    <img decoding=\"async\" src=\"https:\/\/www.actonshotelkinsale.com\/wp-content\/uploads\/2022\/04\/Family-Breaks@2x-scaled.webp\" alt=\"\">\n               <\/div>\n               <h4 data-aos=\"fade-up\" data-aos-delay=\"50\">Vacances en famille<\/h4>\n               <div data-aos=\"fade-up\" data-aos-delay=\"100\"><p><span style=\"font-weight: 400;\">Treat the family to a fun overnight break for 2 adults and 2 children aged 3-12 in a spacious open plan family room and experience our best available rate year-round when you book with us directly.<\/span><\/p>\n<\/div>\n                                 <a class=\"card-cta\" href=\"https:\/\/secure.actonshotelkinsale.com\/convert\/site\/Actons%20Hotel\/en\/results.php?checkin=2022-04-18&#038;nights=1&#038;currency=EUR&#038;party=0%2C0%2C0%2C0%2C0%2C0&#038;_ga=2.166502206.1036245894.1655919399-1221895104.1643906275\" target=\"_blank\" data-aos=\"fade-up\" data-aos-delay=\"150\">R\u00e9servez maintenant<\/a>\n                           <\/div>\n         <\/div>\n               <div class=\"card-grid-block__item\">\n            <div class=\"card-grid-block__item__info\">\n               <div class=\"card-grid-block__image\" data-aos=\"fade-up\">\n                                    <img decoding=\"async\" src=\"https:\/\/www.actonshotelkinsale.com\/wp-content\/uploads\/2022\/04\/Autumn-Breaks@2x-scaled.webp\" alt=\"\">\n               <\/div>\n               <h4 data-aos=\"fade-up\" data-aos-delay=\"50\">Escapades d'automne \u00e0 Kinsale<\/h4>\n               <div data-aos=\"fade-up\" data-aos-delay=\"100\"><p><span style=\"font-weight: 400;\">Ease yourself into autumn with a comforting Actons escape.<\/span><\/p>\n<\/div>\n                                 <a class=\"card-cta\" href=\"https:\/\/secure.actonshotelkinsale.com\/convert\/site\/Actons%20Hotel\/en\/rate_group\/158329674867300.html\" target=\"\" data-aos=\"fade-up\" data-aos-delay=\"150\">Explorer plus <\/a>\n                           <\/div>\n         <\/div>\n               <div class=\"card-grid-block__item\">\n            <div class=\"card-grid-block__item__info\">\n               <div class=\"card-grid-block__image\" data-aos=\"fade-up\">\n                                    <img decoding=\"async\" src=\"https:\/\/www.actonshotelkinsale.com\/wp-content\/uploads\/2022\/04\/Winter-Breaks@2x.webp\" alt=\"\">\n               <\/div>\n               <h4 data-aos=\"fade-up\" data-aos-delay=\"50\">Vacances d'hiver \u00e0 Actons<\/h4>\n               <div data-aos=\"fade-up\" data-aos-delay=\"100\"><p><span style=\"font-weight: 400;\">Discover the pleasure of a wintery Kinsale with a cosy winter break in our quintessential harbourside hotel.<\/span><\/p>\n<\/div>\n                                 <a class=\"card-cta\" href=\"https:\/\/secure.actonshotelkinsale.com\/convert\/site\/Actons%20Hotel\/en\/results\/rategroup\/158329674735835\/winter-breaks-kinsale.html\" target=\"_blank\" data-aos=\"fade-up\" data-aos-delay=\"150\">R\u00e9servez maintenant<\/a>\n                           <\/div>\n         <\/div>\n               <div class=\"card-grid-block__item\">\n            <div class=\"card-grid-block__item__info\">\n               <div class=\"card-grid-block__image\" data-aos=\"fade-up\">\n                                    <img decoding=\"async\" src=\"https:\/\/www.actonshotelkinsale.com\/wp-content\/uploads\/2022\/09\/Christmas-Cropped-scaled.webp\" alt=\"\">\n               <\/div>\n               <h4 data-aos=\"fade-up\" data-aos-delay=\"50\">No\u00ebl \u00e0 Kinsale<\/h4>\n               <div data-aos=\"fade-up\" data-aos-delay=\"100\"><p>C\u00e9l\u00e9brez les festivit\u00e9s de No\u00ebl cette ann\u00e9e \u00e0 l'h\u00f4tel Actons.<\/p>\n<p>&nbsp;<\/p>\n<\/div>\n                                 <a class=\"card-cta\" href=\"https:\/\/secure.actonshotelkinsale.com\/convert\/site\/Actons%20Hotel\/en\/results\/rategroup\/158329675130721\/christmas-kinsale.html\" target=\"_blank\" data-aos=\"fade-up\" data-aos-delay=\"150\">R\u00e9servez maintenant<\/a>\n                           <\/div>\n         <\/div>\n               <div class=\"card-grid-block__item\">\n            <div class=\"card-grid-block__item__info\">\n               <div class=\"card-grid-block__image\" data-aos=\"fade-up\">\n                                    <img decoding=\"async\" src=\"https:\/\/www.actonshotelkinsale.com\/wp-content\/uploads\/2025\/01\/The-Beatles-Festival-Kinsale.webp\" alt=\"\">\n               <\/div>\n               <h4 data-aos=\"fade-up\" data-aos-delay=\"50\">Kinsale Beatles Festival<\/h4>\n               <div data-aos=\"fade-up\" data-aos-delay=\"100\"><p>Beatles fans are being invited to &#8216;come together&#8217; for the second ever Kinsale Beatles Festival happening over St. Brigid&#8217;s bank holiday weekend from January 30th until February 1st. Learn more about the festival here:\u00a0<a href=\"https:\/\/www.kinsalebeatlesfest.com\/\">https:\/\/www.kinsalebeatlesfest.com\/<\/a><\/p>\n<\/div>\n                                 <a class=\"card-cta\" href=\"https:\/\/secure.actonshotelkinsale.com\/convert\/site\/Actons%20Hotel\/en\/results\/rategroup\/158329675456316\/kinsale-beatles-festival.html\" target=\"_blank\" data-aos=\"fade-up\" data-aos-delay=\"150\">Book Your Stay Here: <\/a>\n                           <\/div>\n         <\/div>\n               <div class=\"card-grid-block__item\">\n            <div class=\"card-grid-block__item__info\">\n               <div class=\"card-grid-block__image\" data-aos=\"fade-up\">\n                                    <img decoding=\"async\" src=\"https:\/\/www.actonshotelkinsale.com\/wp-content\/uploads\/2022\/06\/14-Hotel-Section-1601-Suite-scaled.webp\" alt=\"\">\n               <\/div>\n               <h4 data-aos=\"fade-up\" data-aos-delay=\"50\">Week-end de la Saint-Valentin<\/h4>\n               <div data-aos=\"fade-up\" data-aos-delay=\"100\"><p>Offrez \u00e0 l'\u00eatre aim\u00e9 un s\u00e9jour de luxe \u00e0 Kinsale pour la Saint-Valentin.<\/p>\n<\/div>\n                                 <a class=\"card-cta\" href=\"https:\/\/secure.actonshotelkinsale.com\/convert\/site\/Actons%20Hotel\/en\/results\/rategroup\/158329675437005\/valentines-getaway.html\" target=\"_blank\" data-aos=\"fade-up\" data-aos-delay=\"150\">Book Here: <\/a>\n                           <\/div>\n         <\/div>\n         <\/div>\n<\/div>\n\n\n\n  \n<\/div>\n\n\n\n\n\n<div id=\"block_62b36eff112fd\" class=\"content-block call-to-action-block spacing-top-sm spacing-bottom\">\n             \n  \n<div class=\"call-to-action-block__wrapper\">\n   <div id=\"call-to-action-block_62b36eff112fd\" class=\"call-to-action-block__carousel\">\n               <div class=\"call-to-action-block__bgImage\" style=\"background: url(https:\/\/www.actonshotelkinsale.com\/wp-content\/uploads\/2022\/06\/Gift-Vouchers-Banner@2x-scaled.jpg) center center \/ cover no-repeat;\"><\/div>\n         <\/div>\n\n         <div class=\"call-to-action-block__overlay\"><\/div>\n         <div class=\"row\">\n         <div class=\"col-lg-1\">\n            <button class=\"call-to-action-block__prev prev arrow hide\"><i class=\"fas fa-chevron-left\"><\/i><\/button>\n         <\/div>\n         <div class=\"call-to-action-block__text col-lg-10\" data-aos=\"fade-up\">\n                           <h2 class=\"fs-2\">Ch\u00e8ques-cadeaux<\/h2>\n<p><a class=\"custom-btn inline primary-outline\" href=\"https:\/\/actonshotelkinsale.com\/gift-vouchers\/\">Acheter maintenant<\/a><\/p>\n\n                     <\/div>\n         <div class=\"col-lg-1\">\n            <button class=\"call-to-action-block__next next arrow hide\"><i class=\"fas fa-chevron-right\"><\/i><\/button>\n         <\/div>\n         <div class=\"call-to-action-block__dots dots-wrapper hide\"><\/div>\n\n         <div class=\"call-to-action-block__mobile hide\">\n            <button class=\"call-to-action-block__prev prev arrow hide\"><i class=\"fas fa-chevron-left\"><\/i><\/button>\n            <button class=\"call-to-action-block__next next arrow hide\"><i class=\"fas fa-chevron-right\"><\/i><\/button>\n         <\/div>\n      <\/div>\n<\/div>\n\n\n  \n<\/div>","protected":false},"excerpt":{"rendered":"<p> [&#8230;]<\/p>\n<p><a class=\"btn btn-secondary understrap-read-more-link\" href=\"https:\/\/www.actonshotelkinsale.com\/fr\/offers\/\">Lire la suite...<\/a><\/p>","protected":false},"author":4,"featured_media":0,"parent":0,"menu_order":0,"comment_status":"closed","ping_status":"closed","template":"","meta":{"_acf_changed":false,"inline_featured_image":false,"footnotes":""},"class_list":["post-1746","page","type-page","status-publish","hentry"],"acf":[],"yoast_head":"<!-- This site is optimized with the Yoast SEO plugin v27.4 - https:\/\/yoast.com\/product\/yoast-seo-wordpress\/ -->\n<title>Kinsale Hotel Special Offers | Kinsale Hotel Deals | Actons Kinsale<\/title>\n<meta name=\"description\" content=\"For the best value break in Kinsale, check out our Special Offers. Get the best rate by booking direct on our official site. Book your hotel deal today!\" \/>\n<meta name=\"robots\" content=\"index, follow, max-snippet:-1, max-image-preview:large, max-video-preview:-1\" \/>\n<link rel=\"canonical\" href=\"https:\/\/www.actonshotelkinsale.com\/fr\/offers\/\" \/>\n<meta property=\"og:locale\" content=\"fr_FR\" \/>\n<meta property=\"og:type\" content=\"article\" \/>\n<meta property=\"og:title\" content=\"Kinsale Hotel Special Offers | Kinsale Hotel Deals | Actons Kinsale\" \/>\n<meta property=\"og:description\" content=\"For the best value break in Kinsale, check out our Special Offers. Get the best rate by booking direct on our official site. Book your hotel deal today!\" \/>\n<meta property=\"og:url\" content=\"https:\/\/www.actonshotelkinsale.com\/fr\/offers\/\" \/>\n<meta property=\"og:site_name\" content=\"Actons Hotel Kinsale\" \/>\n<meta property=\"article:modified_time\" content=\"2022-07-05T16:24:50+00:00\" \/>\n<meta name=\"twitter:card\" content=\"summary_large_image\" \/>\n<script type=\"application\/ld+json\" class=\"yoast-schema-graph\">{\"@context\":\"https:\\\/\\\/schema.org\",\"@graph\":[{\"@type\":\"WebPage\",\"@id\":\"https:\\\/\\\/www.actonshotelkinsale.com\\\/offers\\\/\",\"url\":\"https:\\\/\\\/www.actonshotelkinsale.com\\\/offers\\\/\",\"name\":\"Kinsale Hotel Special Offers | Kinsale Hotel Deals | Actons Kinsale\",\"isPartOf\":{\"@id\":\"https:\\\/\\\/www.actonshotelkinsale.com\\\/#website\"},\"datePublished\":\"2022-06-22T19:23:51+00:00\",\"dateModified\":\"2022-07-05T16:24:50+00:00\",\"description\":\"For the best value break in Kinsale, check out our Special Offers. Get the best rate by booking direct on our official site. Book your hotel deal today!\",\"breadcrumb\":{\"@id\":\"https:\\\/\\\/www.actonshotelkinsale.com\\\/offers\\\/#breadcrumb\"},\"inLanguage\":\"fr-FR\",\"potentialAction\":[{\"@type\":\"ReadAction\",\"target\":[\"https:\\\/\\\/www.actonshotelkinsale.com\\\/offers\\\/\"]}]},{\"@type\":\"BreadcrumbList\",\"@id\":\"https:\\\/\\\/www.actonshotelkinsale.com\\\/offers\\\/#breadcrumb\",\"itemListElement\":[{\"@type\":\"ListItem\",\"position\":1,\"name\":\"Home\",\"item\":\"https:\\\/\\\/www.actonshotelkinsale.com\\\/\"},{\"@type\":\"ListItem\",\"position\":2,\"name\":\"Offers\"}]},{\"@type\":\"WebSite\",\"@id\":\"https:\\\/\\\/www.actonshotelkinsale.com\\\/#website\",\"url\":\"https:\\\/\\\/www.actonshotelkinsale.com\\\/\",\"name\":\"Actons Hotel Kinsale\",\"description\":\"A kinsale classic since 1946\",\"potentialAction\":[{\"@type\":\"SearchAction\",\"target\":{\"@type\":\"EntryPoint\",\"urlTemplate\":\"https:\\\/\\\/www.actonshotelkinsale.com\\\/?s={search_term_string}\"},\"query-input\":{\"@type\":\"PropertyValueSpecification\",\"valueRequired\":true,\"valueName\":\"search_term_string\"}}],\"inLanguage\":\"fr-FR\"}]}<\/script>\n<!-- \/ Yoast SEO plugin. -->","yoast_head_json":{"title":"Kinsale Hotel Special Offers | Kinsale Hotel Deals | Actons Kinsale","description":"For the best value break in Kinsale, check out our Special Offers. Get the best rate by booking direct on our official site. Book your hotel deal today!","robots":{"index":"index","follow":"follow","max-snippet":"max-snippet:-1","max-image-preview":"max-image-preview:large","max-video-preview":"max-video-preview:-1"},"canonical":"https:\/\/www.actonshotelkinsale.com\/fr\/offers\/","og_locale":"fr_FR","og_type":"article","og_title":"Kinsale Hotel Special Offers | Kinsale Hotel Deals | Actons Kinsale","og_description":"For the best value break in Kinsale, check out our Special Offers. Get the best rate by booking direct on our official site. Book your hotel deal today!","og_url":"https:\/\/www.actonshotelkinsale.com\/fr\/offers\/","og_site_name":"Actons Hotel Kinsale","article_modified_time":"2022-07-05T16:24:50+00:00","twitter_card":"summary_large_image","schema":{"@context":"https:\/\/schema.org","@graph":[{"@type":"WebPage","@id":"https:\/\/www.actonshotelkinsale.com\/offers\/","url":"https:\/\/www.actonshotelkinsale.com\/offers\/","name":"Kinsale Hotel Special Offers | Kinsale Hotel Deals | Actons Kinsale","isPartOf":{"@id":"https:\/\/www.actonshotelkinsale.com\/#website"},"datePublished":"2022-06-22T19:23:51+00:00","dateModified":"2022-07-05T16:24:50+00:00","description":"For the best value break in Kinsale, check out our Special Offers. Get the best rate by booking direct on our official site. Book your hotel deal today!","breadcrumb":{"@id":"https:\/\/www.actonshotelkinsale.com\/offers\/#breadcrumb"},"inLanguage":"fr-FR","potentialAction":[{"@type":"ReadAction","target":["https:\/\/www.actonshotelkinsale.com\/offers\/"]}]},{"@type":"BreadcrumbList","@id":"https:\/\/www.actonshotelkinsale.com\/offers\/#breadcrumb","itemListElement":[{"@type":"ListItem","position":1,"name":"Home","item":"https:\/\/www.actonshotelkinsale.com\/"},{"@type":"ListItem","position":2,"name":"Offers"}]},{"@type":"WebSite","@id":"https:\/\/www.actonshotelkinsale.com\/#website","url":"https:\/\/www.actonshotelkinsale.com\/","name":"Actons Hotel Kinsale","description":"A kinsale classic since 1946","potentialAction":[{"@type":"SearchAction","target":{"@type":"EntryPoint","urlTemplate":"https:\/\/www.actonshotelkinsale.com\/?s={search_term_string}"},"query-input":{"@type":"PropertyValueSpecification","valueRequired":true,"valueName":"search_term_string"}}],"inLanguage":"fr-FR"}]}},"_links":{"self":[{"href":"https:\/\/www.actonshotelkinsale.com\/fr\/wp-json\/wp\/v2\/pages\/1746","targetHints":{"allow":["GET"]}}],"collection":[{"href":"https:\/\/www.actonshotelkinsale.com\/fr\/wp-json\/wp\/v2\/pages"}],"about":[{"href":"https:\/\/www.actonshotelkinsale.com\/fr\/wp-json\/wp\/v2\/types\/page"}],"author":[{"embeddable":true,"href":"https:\/\/www.actonshotelkinsale.com\/fr\/wp-json\/wp\/v2\/users\/4"}],"replies":[{"embeddable":true,"href":"https:\/\/www.actonshotelkinsale.com\/fr\/wp-json\/wp\/v2\/comments?post=1746"}],"version-history":[{"count":0,"href":"https:\/\/www.actonshotelkinsale.com\/fr\/wp-json\/wp\/v2\/pages\/1746\/revisions"}],"wp:attachment":[{"href":"https:\/\/www.actonshotelkinsale.com\/fr\/wp-json\/wp\/v2\/media?parent=1746"}],"curies":[{"name":"wp","href":"https:\/\/api.w.org\/{rel}","templated":true}]}}