{"id":1674,"date":"2022-06-22T18:31:05","date_gmt":"2022-06-22T18:31:05","guid":{"rendered":"https:\/\/actons.local\/?page_id=1674"},"modified":"2024-04-12T09:05:41","modified_gmt":"2024-04-12T09:05:41","slug":"things-to-do-in-kinsale","status":"publish","type":"page","link":"https:\/\/www.actonshotelkinsale.com\/fr\/choses-a-faire-a-kinsale\/","title":{"rendered":"Choses \u00e0 faire \u00e0 Kinsale"},"content":{"rendered":"<div id=\"block_999cecd61e502a189aa836987933cabd\" class=\"content-block hero-image-header-block\">\n             \n  \n  <div class=\"hero-image-header-block__bgImage\" style=\"background: url(https:\/\/www.actonshotelkinsale.com\/wp-content\/uploads\/2022\/06\/iStock-Photo-1-scaled.png) center center \/ cover no-repeat;\"><\/div>\n  <div class=\"hero-image-header-block__overlay\"><\/div>\n  <div class=\"hero-image-header-block__text col-lg-8\" data-aos=\"fade-up\"><h3 class=\"fs-4\">explorer<\/h3>\n<h1 class=\"fs-1\">12 bonnes choses \u00e0 faire \u00e0 Kinsale<\/h1>\n<\/div>\n\n\n  \n<\/div>\n\n\n\n\n\n<div id=\"block_4952c29a6d3d499522eaf46db6a292de\" class=\"content-block single-column-block spacing-top spacing-bottom-none\">\n             \n  \n  \n<div class=\"single-column-block__column col-lg-6\" data-aos=\"fade-up\">\n  <p style=\"text-align: center;\">Ville m\u00e9di\u00e9vale au c\u0153ur maritime, Kinsale tire son \u00e9nergie de sa beaut\u00e9, de ses habitants et de son grand port s\u00fbr. Abrit\u00e9e par des collines vertes et escarp\u00e9es, et gard\u00e9e par une impressionnante forteresse du XVIIe si\u00e8cle, la rivi\u00e8re Bandon rencontre la mer dans ce lieu pittoresque o\u00f9 la voile et la p\u00eache ont fa\u00e7onn\u00e9 la communaut\u00e9.<\/p>\n<p style=\"text-align: center;\">Les rues \u00e9troites et sinueuses p\u00e9tillent de fiert\u00e9 historique, bord\u00e9es de fa\u00e7ades de boutiques color\u00e9es et de b\u00e2timents historiques, de galeries et de boutiques de cadeaux, de pubs anim\u00e9s et de restaurants exceptionnels. Au c\u0153ur de tout cela depuis 1946, l'Actons Hotel surplombe le beau port naturel anim\u00e9 par les bateaux de p\u00eache, les canots pneumatiques et les yachts. L'\u00e9quipe de la r\u00e9ception est la personne la mieux plac\u00e9e pour vous aider \u00e0 organiser votre aventure. Elle sera ravie de vous aider \u00e0 organiser un s\u00e9jour parfait.<\/p>\n<p style=\"text-align: center;\"><em><strong>Pourquoi ne pas vous mettre en app\u00e9tit avec ces 12 id\u00e9es.<\/strong><\/em><\/p>\n\n<\/div>\n\n\n  \n<\/div>\n\n\n\n\n\n<div id=\"block_4f99e78eed0e4dacdd7fbe3de54d9e78\" class=\"content-block card-grid-block spacing-top spacing-bottom\">\n             \n  \n\n\n<div class=\"container\">\n   <div class=\"row\">\n               <div class=\"card-grid-block__item\">\n            <div class=\"card-grid-block__item__info\">\n               <div class=\"card-grid-block__image\" data-aos=\"fade-up\">\n                                    <img decoding=\"async\" src=\"https:\/\/www.actonshotelkinsale.com\/wp-content\/uploads\/2022\/04\/Heritage-Walks@2x.webp\" alt=\"\">\n               <\/div>\n               <h4 data-aos=\"fade-up\" data-aos-delay=\"50\">1. Promenades du patrimoine<\/h4>\n               <div data-aos=\"fade-up\" data-aos-delay=\"100\"><p>Une promenade patrimoniale avec Dermot Ryan, originaire de Kinsale, vous permettra de d\u00e9couvrir les diff\u00e9rentes facettes de cette jolie ville. Gr\u00e2ce \u00e0 ses connaissances locales in\u00e9gal\u00e9es, Dermot fera revivre pr\u00e8s de 1 000 ans d'histoire, des premiers colons aux Anglo-Normands, de la catastrophique bataille de Kinsale de 1601 \u00e0 la catastrophe du Lusitania, en passant par l'\u00e9tonnante architecture g\u00e9orgienne et victorienne de la ville.<\/p>\n<\/div>\n                           <\/div>\n         <\/div>\n               <div class=\"card-grid-block__item\">\n            <div class=\"card-grid-block__item__info\">\n               <div class=\"card-grid-block__image\" data-aos=\"fade-up\">\n                                    <img decoding=\"async\" src=\"https:\/\/www.actonshotelkinsale.com\/wp-content\/uploads\/2022\/04\/Desmond-Castle@2x.webp\" alt=\"\">\n               <\/div>\n               <h4 data-aos=\"fade-up\" data-aos-delay=\"50\">2. Ch\u00e2teau Desmond<\/h4>\n               <div data-aos=\"fade-up\" data-aos-delay=\"100\"><p>D\u00e9couvrez les liens surprenants de Kinsale avec les plus grands vignobles du monde lors d'une visite du ch\u00e2teau Desmond. Cette maison-tour du d\u00e9but du XVIe si\u00e8cle a \u00e9t\u00e9 occup\u00e9e par les forces espagnoles en 1601 et a servi de poste de douane, de prison et d'hospice de famine avant d'abriter le petit mus\u00e9e international du vin.<\/p>\n<\/div>\n                           <\/div>\n         <\/div>\n               <div class=\"card-grid-block__item\">\n            <div class=\"card-grid-block__item__info\">\n               <div class=\"card-grid-block__image\" data-aos=\"fade-up\">\n                                    <img decoding=\"async\" src=\"https:\/\/www.actonshotelkinsale.com\/wp-content\/uploads\/2022\/04\/Charles-Fort@2x.webp\" alt=\"\">\n               <\/div>\n               <h4 data-aos=\"fade-up\" data-aos-delay=\"50\">3. Charles Fort<\/h4>\n               <div data-aos=\"fade-up\" data-aos-delay=\"100\"><p>L'un des sites les plus impressionnants de Kinsale, le fort Charles a \u00e9t\u00e9 construit au XVIIe si\u00e8cle comme d\u00e9fense militaire pour prot\u00e9ger la ville et le port. L'un des forts d'artillerie en forme d'\u00e9toile les mieux pr\u00e9serv\u00e9s d'Europe, cette structure spectaculaire a \u00e9t\u00e9 utilis\u00e9e jusqu'en 1922, date \u00e0 laquelle une grande partie a \u00e9t\u00e9 d\u00e9truite lors du retrait des Britanniques. La vue depuis les remparts est extraordinaire.<\/p>\n<\/div>\n                                 <a class=\"card-cta\" href=\"https:\/\/heritageireland.ie\/places-to-visit\/charles-fort-military-fortress\/\" target=\"_blank\" data-aos=\"fade-up\" data-aos-delay=\"150\">Explorer plus <\/a>\n                           <\/div>\n         <\/div>\n               <div class=\"card-grid-block__item\">\n            <div class=\"card-grid-block__item__info\">\n               <div class=\"card-grid-block__image\" data-aos=\"fade-up\">\n                                    <img decoding=\"async\" src=\"https:\/\/www.actonshotelkinsale.com\/wp-content\/uploads\/2022\/04\/Beaches@2x.webp\" alt=\"\">\n               <\/div>\n               <h4 data-aos=\"fade-up\" data-aos-delay=\"50\">4. Plages<\/h4>\n               <div data-aos=\"fade-up\" data-aos-delay=\"100\"><p>Kinsale est entour\u00e9 des plages les plus vierges, toutes accessibles en voiture depuis Actons. Laissez-nous organiser un panier-repas avant de partir le long de la c\u00f4te \u00e0 la recherche de votre propre coin de paradis.<\/p>\n<\/div>\n                           <\/div>\n         <\/div>\n               <div class=\"card-grid-block__item\">\n            <div class=\"card-grid-block__item__info\">\n               <div class=\"card-grid-block__image\" data-aos=\"fade-up\">\n                                    <img decoding=\"async\" src=\"https:\/\/www.actonshotelkinsale.com\/wp-content\/uploads\/2022\/04\/Old-Head-Signal-Tower-Lusitania-Museum@2x.webp\" alt=\"\">\n               <\/div>\n               <h4 data-aos=\"fade-up\" data-aos-delay=\"50\">5. Tour de signalisation Old Head et mus\u00e9e de la Lusitania<\/h4>\n               <div data-aos=\"fade-up\" data-aos-delay=\"100\"><p>\u00c0 13 kilom\u00e8tres au sud de la ville, The Old Head of Kinsale Signal Tower est un point d'observation et un mus\u00e9e magnifiquement restaur\u00e9. Construite par les Britanniques pendant les guerres napol\u00e9oniennes pour servir de poste d'observation et de signalisation, cette tour de signalisation vieille de 200 ans abrite aujourd'hui un mus\u00e9e consacr\u00e9 au RMS Lusitania, qui a \u00e9t\u00e9 torpill\u00e9 par un sous-marin allemand pendant la Premi\u00e8re Guerre mondiale, entra\u00eenant la perte de 1 200 vies.<\/p>\n<\/div>\n                                 <a class=\"card-cta\" href=\"http:\/\/www.oldheadofkinsale.com\/\" target=\"_blank\" data-aos=\"fade-up\" data-aos-delay=\"150\">Explorer plus <\/a>\n                           <\/div>\n         <\/div>\n               <div class=\"card-grid-block__item\">\n            <div class=\"card-grid-block__item__info\">\n               <div class=\"card-grid-block__image\" data-aos=\"fade-up\">\n                                    <img decoding=\"async\" src=\"https:\/\/www.actonshotelkinsale.com\/wp-content\/uploads\/2022\/04\/Sailing@2x.webp\" alt=\"\">\n               <\/div>\n               <h4 data-aos=\"fade-up\" data-aos-delay=\"50\">6. Water Adventures<\/h4>\n               <div data-aos=\"fade-up\" data-aos-delay=\"100\"><p>Hit the high seas and experience the unique thrill of sailing within Kinsale\u2019s sheltered harbour. Enjoy Kinsale and its spectacular setting from the water aboard the Spirit of Kinsale with Kinsale Harbour Cruises. Perhaps you\u2019d prefer to charter a yacht or head for open waters on a deep-sea fishing charter with Sovereign Sailing? How about a private tour from Brian from Kinsale Wellness on Water where you get to fish, check lobster traps and have the company of a furry friend called Alfie.<\/p>\n<p>&nbsp;<\/p>\n<\/div>\n                                 <a class=\"card-cta\" href=\"https:\/\/www.actonshotelkinsale.com\/water-adventures-boat-tours-2\/\" target=\"_blank\" data-aos=\"fade-up\" data-aos-delay=\"150\">Learn More Here:<\/a>\n                           <\/div>\n         <\/div>\n               <div class=\"card-grid-block__item\">\n            <div class=\"card-grid-block__item__info\">\n               <div class=\"card-grid-block__image\" data-aos=\"fade-up\">\n                                    <img decoding=\"async\" src=\"https:\/\/www.actonshotelkinsale.com\/wp-content\/uploads\/2022\/06\/blacks-b.webp\" alt=\"\">\n               <\/div>\n               <h4 data-aos=\"fade-up\" data-aos-delay=\"50\">7. Brasserie et distillerie Black's<\/h4>\n               <div data-aos=\"fade-up\" data-aos-delay=\"100\"><p>Overlooking the Bandon River lies a hidden gem for beer and spirit enthusiasts alike \u2013 Blacks Brewery &amp; Distillery. They brew a variety of beers, craft gins and whiskeys. Whether you are a seasoned sipper or just curious, stop by for a guided tour of their grounds and taste their creations. Recently having opened their outdoor area, be sure to check out a variety of their locally brewed beers and distilled gins.<\/p>\n<\/div>\n                                 <a class=\"card-cta\" href=\"https:\/\/www.blacksbrewery.com\/\" target=\"_blank\" data-aos=\"fade-up\" data-aos-delay=\"150\">Explorer plus <\/a>\n                           <\/div>\n         <\/div>\n               <div class=\"card-grid-block__item\">\n            <div class=\"card-grid-block__item__info\">\n               <div class=\"card-grid-block__image\" data-aos=\"fade-up\">\n                                    <img decoding=\"async\" src=\"https:\/\/www.actonshotelkinsale.com\/wp-content\/uploads\/2022\/06\/Gallery-\u2013-Kinsale-Mead.webp\" alt=\"\">\n               <\/div>\n               <h4 data-aos=\"fade-up\" data-aos-delay=\"50\">8. Kinsale Mead<\/h4>\n               <div data-aos=\"fade-up\" data-aos-delay=\"100\"><p>Fabriqu\u00e9 \u00e0 partir de miel ferment\u00e9, l'hydromel est la plus ancienne boisson alcoolis\u00e9e du monde, datant de 6 000 ans avant J.-C. Une visite \u00e0 Kinsale Mead vous permettra de d\u00e9couvrir les secrets s\u00e9culaires de cette boisson lors d'une visite amusante et \u00e9ducative de l'hydromellerie. Vous d\u00e9couvrirez le miel et le processus de fermentation et de mise en bouteille au cours d'une visite d'une heure qui se terminera par une d\u00e9gustation guid\u00e9e de quatre hydromels dans la salle de d\u00e9gustation de l'hydromellerie.<\/p>\n<\/div>\n                                 <a class=\"card-cta\" href=\"https:\/\/www.kinsalemeadco.ie\/\" target=\"_blank\" data-aos=\"fade-up\" data-aos-delay=\"150\">Explorer plus <\/a>\n                           <\/div>\n         <\/div>\n               <div class=\"card-grid-block__item\">\n            <div class=\"card-grid-block__item__info\">\n               <div class=\"card-grid-block__image\" data-aos=\"fade-up\">\n                                    <img decoding=\"async\" src=\"https:\/\/www.actonshotelkinsale.com\/wp-content\/uploads\/2022\/04\/Kinale-Food@2x.webp\" alt=\"\">\n               <\/div>\n               <h4 data-aos=\"fade-up\" data-aos-delay=\"50\">9. Food Tours of Kinsale<\/h4>\n               <div data-aos=\"fade-up\" data-aos-delay=\"100\"><p>D\u00e9couvrez les saveurs locales de Cork, avec une visite \u00e0 pied satisfaisante (et d\u00e9licieuse) de Kinsale en journ\u00e9e. Votre guide local vous pr\u00e9sentera les chocolatiers, les chefs, les fabricants d'hydromel et les p\u00eacheurs qui contribuent \u00e0 la r\u00e9putation mondiale de la ville en mati\u00e8re de gastronomie.<\/p>\n<\/div>\n                                 <a class=\"card-cta\" href=\"https:\/\/www.kinsalefoodtours.com\/\" target=\"_blank\" data-aos=\"fade-up\" data-aos-delay=\"150\">Explorer plus <\/a>\n                           <\/div>\n         <\/div>\n               <div class=\"card-grid-block__item\">\n            <div class=\"card-grid-block__item__info\">\n               <div class=\"card-grid-block__image\" data-aos=\"fade-up\">\n                                    <img decoding=\"async\" src=\"https:\/\/www.actonshotelkinsale.com\/wp-content\/uploads\/2022\/04\/FootGolf@2x.webp\" alt=\"\">\n               <\/div>\n               <h4 data-aos=\"fade-up\" data-aos-delay=\"50\">10. FootGolf<\/h4>\n               <div data-aos=\"fade-up\" data-aos-delay=\"100\"><p>Un m\u00e9lange amusant de golf et de football, pourquoi ne pas tenter votre chance au FootGolf. FootGolf Cork est le seul parcours de FootGolf construit \u00e0 cet effet et se trouve pr\u00e8s d'Actons, \u00e0 la p\u00e9riph\u00e9rie de Kinsale. Id\u00e9al pour les familles comp\u00e9titives, avec une vue magnifique sur la c\u00f4te, venez arm\u00e9s de vos comp\u00e9tences, de votre audace et de votre sens de l'humour.<\/p>\n<\/div>\n                                 <a class=\"card-cta\" href=\"https:\/\/www.footgolfcork.com\/\" target=\"_blank\" data-aos=\"fade-up\" data-aos-delay=\"150\">Explorer plus <\/a>\n                           <\/div>\n         <\/div>\n               <div class=\"card-grid-block__item\">\n            <div class=\"card-grid-block__item__info\">\n               <div class=\"card-grid-block__image\" data-aos=\"fade-up\">\n                                    <img decoding=\"async\" src=\"https:\/\/www.actonshotelkinsale.com\/wp-content\/uploads\/2022\/04\/Golf@2x.webp\" alt=\"\">\n               <\/div>\n               <h4 data-aos=\"fade-up\" data-aos-delay=\"50\">11. Golf<\/h4>\n               <div data-aos=\"fade-up\" data-aos-delay=\"100\"><p>Avec un parcours de classe mondiale et un parcours bois\u00e9 pittoresque, Kinsale offre deux exp\u00e9riences de golf stimulantes et contrast\u00e9es. Quel que soit votre handicap ou votre budget, Kinsale promet de vous offrir des occasions de golf inoubliables.<\/p>\n<\/div>\n                                 <a class=\"card-cta\" href=\"https:\/\/www.actonshotelkinsale.com\/golf\/\" target=\"\" data-aos=\"fade-up\" data-aos-delay=\"150\">Explorer plus<\/a>\n                           <\/div>\n         <\/div>\n               <div class=\"card-grid-block__item\">\n            <div class=\"card-grid-block__item__info\">\n               <div class=\"card-grid-block__image\" data-aos=\"fade-up\">\n                                    <img decoding=\"async\" src=\"https:\/\/www.actonshotelkinsale.com\/wp-content\/uploads\/2022\/04\/Pottery@2x.webp\" alt=\"\">\n               <\/div>\n               <h4 data-aos=\"fade-up\" data-aos-delay=\"50\">12. Poterie de Kinsale<\/h4>\n               <div data-aos=\"fade-up\" data-aos-delay=\"100\"><p>Le Kinsale Pottery and Arts Centre est le plus grand centre artistique priv\u00e9 du sud de l'Irlande. Il propose des cours d'art et d'artisanat pour adultes et enfants, notamment de poterie, de fusion du verre, etc.<\/p>\n<\/div>\n                                 <a class=\"card-cta\" href=\"https:\/\/www.kinsaleceramics.com\/\" target=\"_blank\" data-aos=\"fade-up\" data-aos-delay=\"150\">Explorer plus <\/a>\n                           <\/div>\n         <\/div>\n         <\/div>\n<\/div>\n\n\n\n  \n<\/div>","protected":false},"excerpt":{"rendered":"<p> [&#8230;]<\/p>\n<p><a class=\"btn btn-secondary understrap-read-more-link\" href=\"https:\/\/www.actonshotelkinsale.com\/fr\/choses-a-faire-a-kinsale\/\">Lire la suite...<\/a><\/p>","protected":false},"author":4,"featured_media":0,"parent":0,"menu_order":0,"comment_status":"closed","ping_status":"closed","template":"","meta":{"_acf_changed":false,"inline_featured_image":false,"footnotes":""},"class_list":["post-1674","page","type-page","status-publish","hentry"],"acf":[],"yoast_head":"<!-- This site is optimized with the Yoast SEO plugin v27.5 - https:\/\/yoast.com\/product\/yoast-seo-wordpress\/ -->\n<title>Things To Do In Kinsale | Actons Hotel Kinsale<\/title>\n<meta name=\"description\" content=\"A medieval town with a maritime heart, Kinsale offers so many things to do. Whet your appetite with these top 12 ideas and start planning your perfect stay.\" \/>\n<meta name=\"robots\" content=\"index, follow, max-snippet:-1, max-image-preview:large, max-video-preview:-1\" \/>\n<link rel=\"canonical\" href=\"https:\/\/www.actonshotelkinsale.com\/fr\/choses-a-faire-a-kinsale\/\" \/>\n<meta property=\"og:locale\" content=\"fr_FR\" \/>\n<meta property=\"og:type\" content=\"article\" \/>\n<meta property=\"og:title\" content=\"Things To Do In Kinsale | Actons Hotel Kinsale\" \/>\n<meta property=\"og:description\" content=\"A medieval town with a maritime heart, Kinsale offers so many things to do. Whet your appetite with these top 12 ideas and start planning your perfect stay.\" \/>\n<meta property=\"og:url\" content=\"https:\/\/www.actonshotelkinsale.com\/fr\/choses-a-faire-a-kinsale\/\" \/>\n<meta property=\"og:site_name\" content=\"Actons Hotel Kinsale\" \/>\n<meta property=\"article:modified_time\" content=\"2024-04-12T09:05:41+00:00\" \/>\n<meta name=\"twitter:card\" content=\"summary_large_image\" \/>\n<script type=\"application\/ld+json\" class=\"yoast-schema-graph\">{\"@context\":\"https:\\\/\\\/schema.org\",\"@graph\":[{\"@type\":\"WebPage\",\"@id\":\"https:\\\/\\\/www.actonshotelkinsale.com\\\/things-to-do-in-kinsale\\\/\",\"url\":\"https:\\\/\\\/www.actonshotelkinsale.com\\\/things-to-do-in-kinsale\\\/\",\"name\":\"Things To Do In Kinsale | Actons Hotel Kinsale\",\"isPartOf\":{\"@id\":\"https:\\\/\\\/www.actonshotelkinsale.com\\\/#website\"},\"datePublished\":\"2022-06-22T18:31:05+00:00\",\"dateModified\":\"2024-04-12T09:05:41+00:00\",\"description\":\"A medieval town with a maritime heart, Kinsale offers so many things to do. Whet your appetite with these top 12 ideas and start planning your perfect stay.\",\"breadcrumb\":{\"@id\":\"https:\\\/\\\/www.actonshotelkinsale.com\\\/things-to-do-in-kinsale\\\/#breadcrumb\"},\"inLanguage\":\"fr-FR\",\"potentialAction\":[{\"@type\":\"ReadAction\",\"target\":[\"https:\\\/\\\/www.actonshotelkinsale.com\\\/things-to-do-in-kinsale\\\/\"]}]},{\"@type\":\"BreadcrumbList\",\"@id\":\"https:\\\/\\\/www.actonshotelkinsale.com\\\/things-to-do-in-kinsale\\\/#breadcrumb\",\"itemListElement\":[{\"@type\":\"ListItem\",\"position\":1,\"name\":\"Home\",\"item\":\"https:\\\/\\\/www.actonshotelkinsale.com\\\/\"},{\"@type\":\"ListItem\",\"position\":2,\"name\":\"Things To Do In Kinsale\"}]},{\"@type\":\"WebSite\",\"@id\":\"https:\\\/\\\/www.actonshotelkinsale.com\\\/#website\",\"url\":\"https:\\\/\\\/www.actonshotelkinsale.com\\\/\",\"name\":\"Actons Hotel Kinsale\",\"description\":\"A kinsale classic since 1946\",\"potentialAction\":[{\"@type\":\"SearchAction\",\"target\":{\"@type\":\"EntryPoint\",\"urlTemplate\":\"https:\\\/\\\/www.actonshotelkinsale.com\\\/?s={search_term_string}\"},\"query-input\":{\"@type\":\"PropertyValueSpecification\",\"valueRequired\":true,\"valueName\":\"search_term_string\"}}],\"inLanguage\":\"fr-FR\"}]}<\/script>\n<!-- \/ Yoast SEO plugin. -->","yoast_head_json":{"title":"Things To Do In Kinsale | Actons Hotel Kinsale","description":"A medieval town with a maritime heart, Kinsale offers so many things to do. Whet your appetite with these top 12 ideas and start planning your perfect stay.","robots":{"index":"index","follow":"follow","max-snippet":"max-snippet:-1","max-image-preview":"max-image-preview:large","max-video-preview":"max-video-preview:-1"},"canonical":"https:\/\/www.actonshotelkinsale.com\/fr\/choses-a-faire-a-kinsale\/","og_locale":"fr_FR","og_type":"article","og_title":"Things To Do In Kinsale | Actons Hotel Kinsale","og_description":"A medieval town with a maritime heart, Kinsale offers so many things to do. Whet your appetite with these top 12 ideas and start planning your perfect stay.","og_url":"https:\/\/www.actonshotelkinsale.com\/fr\/choses-a-faire-a-kinsale\/","og_site_name":"Actons Hotel Kinsale","article_modified_time":"2024-04-12T09:05:41+00:00","twitter_card":"summary_large_image","schema":{"@context":"https:\/\/schema.org","@graph":[{"@type":"WebPage","@id":"https:\/\/www.actonshotelkinsale.com\/things-to-do-in-kinsale\/","url":"https:\/\/www.actonshotelkinsale.com\/things-to-do-in-kinsale\/","name":"Things To Do In Kinsale | Actons Hotel Kinsale","isPartOf":{"@id":"https:\/\/www.actonshotelkinsale.com\/#website"},"datePublished":"2022-06-22T18:31:05+00:00","dateModified":"2024-04-12T09:05:41+00:00","description":"A medieval town with a maritime heart, Kinsale offers so many things to do. Whet your appetite with these top 12 ideas and start planning your perfect stay.","breadcrumb":{"@id":"https:\/\/www.actonshotelkinsale.com\/things-to-do-in-kinsale\/#breadcrumb"},"inLanguage":"fr-FR","potentialAction":[{"@type":"ReadAction","target":["https:\/\/www.actonshotelkinsale.com\/things-to-do-in-kinsale\/"]}]},{"@type":"BreadcrumbList","@id":"https:\/\/www.actonshotelkinsale.com\/things-to-do-in-kinsale\/#breadcrumb","itemListElement":[{"@type":"ListItem","position":1,"name":"Home","item":"https:\/\/www.actonshotelkinsale.com\/"},{"@type":"ListItem","position":2,"name":"Things To Do In Kinsale"}]},{"@type":"WebSite","@id":"https:\/\/www.actonshotelkinsale.com\/#website","url":"https:\/\/www.actonshotelkinsale.com\/","name":"Actons Hotel Kinsale","description":"A kinsale classic since 1946","potentialAction":[{"@type":"SearchAction","target":{"@type":"EntryPoint","urlTemplate":"https:\/\/www.actonshotelkinsale.com\/?s={search_term_string}"},"query-input":{"@type":"PropertyValueSpecification","valueRequired":true,"valueName":"search_term_string"}}],"inLanguage":"fr-FR"}]}},"_links":{"self":[{"href":"https:\/\/www.actonshotelkinsale.com\/fr\/wp-json\/wp\/v2\/pages\/1674","targetHints":{"allow":["GET"]}}],"collection":[{"href":"https:\/\/www.actonshotelkinsale.com\/fr\/wp-json\/wp\/v2\/pages"}],"about":[{"href":"https:\/\/www.actonshotelkinsale.com\/fr\/wp-json\/wp\/v2\/types\/page"}],"author":[{"embeddable":true,"href":"https:\/\/www.actonshotelkinsale.com\/fr\/wp-json\/wp\/v2\/users\/4"}],"replies":[{"embeddable":true,"href":"https:\/\/www.actonshotelkinsale.com\/fr\/wp-json\/wp\/v2\/comments?post=1674"}],"version-history":[{"count":0,"href":"https:\/\/www.actonshotelkinsale.com\/fr\/wp-json\/wp\/v2\/pages\/1674\/revisions"}],"wp:attachment":[{"href":"https:\/\/www.actonshotelkinsale.com\/fr\/wp-json\/wp\/v2\/media?parent=1674"}],"curies":[{"name":"wp","href":"https:\/\/api.w.org\/{rel}","templated":true}]}}