{"id":1579,"date":"2022-06-22T16:10:45","date_gmt":"2022-06-22T16:10:45","guid":{"rendered":"https:\/\/actons.local\/?page_id=1579"},"modified":"2022-06-28T18:41:19","modified_gmt":"2022-06-28T18:41:19","slug":"suites","status":"publish","type":"page","link":"https:\/\/www.actonshotelkinsale.com\/fr\/suites\/","title":{"rendered":"Suites"},"content":{"rendered":"<div id=\"block_62b33eee3a833\" class=\"content-block single-column-block spacing-top-md spacing-bottom-none\">\n             \n  \n  \n<div class=\"single-column-block__column col-lg-6\" data-aos=\"fade-up\">\n  <h1 class=\"fs-1\" style=\"text-align: center;\">Suites<\/h1>\n<p style=\"text-align: center;\">Somptueuses et luxueuses, avec des vues spectaculaires sur le port, nos suites r\u00e9cemment am\u00e9nag\u00e9es sont les meilleures chambres de l'h\u00f4tel. Spacieuses et \u00e9l\u00e9gantes, elles offrent des espaces lumineux avec de grands lits profonds, de superbes coins salon, des baignoires sur pieds et des machines Nespresso. D\u00e9tendez-vous avec style et profitez des meilleurs conforts de l'h\u00f4tel historique de Kinsale.<\/p>\n\n<\/div>\n\n\n  \n<\/div>\n\n\n\n\n\n<div id=\"block_62b33f6e3a834\" class=\"content-block two-column-image-block spacing-top-md spacing-bottom-md\">\n             \n  \n\n<div class=\"row align-items-center flex-row-reverse\">\n    <div class=\"col-lg-6 offset-lg-1 two-column-image-block__image\" data-aos=\"fade-down\" data-aos-delay=\"400\">\n                    <div class=\"img-wrapper\"><img decoding=\"async\" src=\"https:\/\/www.actonshotelkinsale.com\/wp-content\/uploads\/2022\/06\/Old-Head-Suite@2x.jpg\" alt=\"\" title=\"Old Head Suite@2x\"><\/div>\n            <\/div>\n\n    <div class=\"col-lg-4 offset-lg-1 two-column-image-block__text spacing-mobile\" data-aos=\"fade-up\">\n        <h3 class=\"fs-4\">Master Suite<\/h3>\n<h2 class=\"fs-2\">Old Head Suite<\/h2>\n<p>Spacieuse et \u00e9l\u00e9gante, notre suite principale chic est d\u00e9licieusement accueillante. Admirez la vue sur le port \u00e0 travers cinq grandes fen\u00eatres, et savourez un espace inond\u00e9 de lumi\u00e8re avec un salon s\u00e9par\u00e9, une baignoire sur pieds autoportante et un lit king profond.<\/p>\n<p><a class=\"custom-btn inline primary-outline\" href=\"https:\/\/actonshotelkinsale.com\/suite\/old-head-suite\/\">Salle des visites<\/a><\/p>\n\n    <\/div>\n<\/div>\n\n\n\n  \n<\/div>\n\n\n\n\n\n<div id=\"block_62b33ffc3a835\" class=\"content-block two-column-image-block spacing-top-md spacing-bottom-md\">\n             \n  \n\n<div class=\"row align-items-center flex-row\">\n    <div class=\"col-lg-6 offset-lg-1 two-column-image-block__image\" data-aos=\"fade-down\" data-aos-delay=\"400\">\n                    <div class=\"img-wrapper\"><img decoding=\"async\" src=\"https:\/\/www.actonshotelkinsale.com\/wp-content\/uploads\/2022\/06\/Charles-Fort@2x.jpg\" alt=\"\" title=\"Charles Fort@2x\"><\/div>\n            <\/div>\n\n    <div class=\"col-lg-4 offset-lg-1 two-column-image-block__text spacing-mobile\" data-aos=\"fade-up\">\n        <h3 class=\"fs-4\">Suite Signature<\/h3>\n<h2 class=\"fs-2\">Charles Fort<\/h2>\n<p>Mariage contemporain de l'h\u00e9ritage et de la convivialit\u00e9, la belle et lumineuse suite Charlesfort offre des vues spectaculaires sur le port, un superbe coin salon, une chambre luxueuse, un espace repas et une impressionnante salle de bains.<\/p>\n<p><a class=\"custom-btn inline primary-outline\" href=\"https:\/\/actonshotelkinsale.com\/suite\/charles-fort\/\">Salle des visites<\/a><\/p>\n\n    <\/div>\n<\/div>\n\n\n\n  \n<\/div>\n\n\n\n\n\n<div id=\"block_62b340573a836\" class=\"content-block two-column-image-block spacing-top-md spacing-bottom-md\">\n             \n  \n\n<div class=\"row align-items-center flex-row-reverse\">\n    <div class=\"col-lg-6 offset-lg-1 two-column-image-block__image\" data-aos=\"fade-down\" data-aos-delay=\"400\">\n                    <div class=\"img-wrapper\"><img decoding=\"async\" src=\"https:\/\/www.actonshotelkinsale.com\/wp-content\/uploads\/2022\/06\/James-Fort@2x-scaled.jpg\" alt=\"\" title=\"James Fort@2x\"><\/div>\n            <\/div>\n\n    <div class=\"col-lg-4 offset-lg-1 two-column-image-block__text spacing-mobile\" data-aos=\"fade-up\">\n        <h3 class=\"fs-4\">Suite Signature<\/h3>\n<h2 class=\"fs-2\">James Fort<\/h2>\n<p>Profitez du meilleur de l'h\u00e9ritage chic, avec de hauts plafonds, de grandes fen\u00eatres, des vues sur le port et un superbe espace de vie dans notre \u00e9l\u00e9gante suite James Fort.<\/p>\n<p><a class=\"custom-btn inline primary-outline\" href=\"https:\/\/actonshotelkinsale.com\/suite\/james-fort\/\">Salle des visites<\/a><\/p>\n\n    <\/div>\n<\/div>\n\n\n\n  \n<\/div>\n\n\n\n\n\n<div id=\"block_62b340693a837\" class=\"content-block two-column-image-block spacing-top-md spacing-bottom-md\">\n             \n  \n\n<div class=\"row align-items-center flex-row\">\n    <div class=\"col-lg-6 offset-lg-1 two-column-image-block__image\" data-aos=\"fade-down\" data-aos-delay=\"400\">\n                    <div class=\"img-wrapper\"><img decoding=\"async\" src=\"https:\/\/www.actonshotelkinsale.com\/wp-content\/uploads\/2022\/06\/ONeill-Suite@2x.jpg\" alt=\"\" title=\"Suite O&#039;Neill@2x\"><\/div>\n            <\/div>\n\n    <div class=\"col-lg-4 offset-lg-1 two-column-image-block__text spacing-mobile\" data-aos=\"fade-up\">\n        <h3 class=\"fs-4\">Suite Signature<\/h3>\n<h2 class=\"fs-2\">Suite O'Neill<\/h2>\n<p>Cette suite opulente offre une vue imprenable sur le port de Kinsale. La grande suite O'Neill combine un salon et une salle \u00e0 manger luxueux avec une chambre impressionnante et une salle de bains \u00e9l\u00e9gante.<\/p>\n<p><a class=\"custom-btn inline primary-outline\" href=\"https:\/\/actonshotelkinsale.com\/suite\/oneill-suite\/\">Salle des visites<\/a><\/p>\n\n    <\/div>\n<\/div>\n\n\n\n  \n<\/div>\n\n\n\n\n\n<div id=\"block_62b3409d3a838\" class=\"content-block two-column-image-block spacing-top-md spacing-bottom-md\">\n             \n  \n\n<div class=\"row align-items-center flex-row-reverse\">\n    <div class=\"col-lg-6 offset-lg-1 two-column-image-block__image\" data-aos=\"fade-down\" data-aos-delay=\"400\">\n                    <div class=\"img-wrapper\"><img decoding=\"async\" src=\"https:\/\/www.actonshotelkinsale.com\/wp-content\/uploads\/2022\/06\/Ringrone-Suite@2x.jpg\" alt=\"\" title=\"Suite Ringrone@2x\"><\/div>\n            <\/div>\n\n    <div class=\"col-lg-4 offset-lg-1 two-column-image-block__text spacing-mobile\" data-aos=\"fade-up\">\n        <h3 class=\"fs-4\">Suite Signature<\/h3>\n<h2 class=\"fs-2\">Suite Ringrone<\/h2>\n<p>Le contemporain c\u00f4toie le classique dans l'\u00e9l\u00e9gante suite Ringrone, o\u00f9 des si\u00e8ges confortables, des vues sur le port, une chambre \u00e0 coucher et un espace de vie baign\u00e9s de lumi\u00e8re assurent une \u00e9vasion parfaite.<\/p>\n<p><a class=\"custom-btn inline primary-outline\" href=\"https:\/\/actonshotelkinsale.com\/suite\/ringrone-suite\/\">Salle des visites<\/a><\/p>\n\n    <\/div>\n<\/div>\n\n\n\n  \n<\/div>\n\n\n\n\n\n<div id=\"block_62b340a93a839\" class=\"content-block two-column-image-block spacing-top-md spacing-bottom-md\">\n             \n  \n\n<div class=\"row align-items-center flex-row\">\n    <div class=\"col-lg-6 offset-lg-1 two-column-image-block__image\" data-aos=\"fade-down\" data-aos-delay=\"400\">\n                    <div class=\"img-wrapper\"><img decoding=\"async\" src=\"https:\/\/www.actonshotelkinsale.com\/wp-content\/uploads\/2022\/06\/Desmond-Suite@2x.jpg\" alt=\"\" title=\"Suite Desmond@2x\"><\/div>\n            <\/div>\n\n    <div class=\"col-lg-4 offset-lg-1 two-column-image-block__text spacing-mobile\" data-aos=\"fade-up\">\n        <h3 class=\"fs-4\">Suite Junior<\/h3>\n<h2 class=\"fs-2\">Suite Desmond<\/h2>\n<p>Chambre avec vue, l'\u00e9tonnante Suite Desmond apporte un confort contemporain \u00e0 notre design historique. Profitez d'une vue \u00e9blouissante sur la c\u00f4te depuis votre espace de vie confortable, votre lit luxueux et votre baignoire \u00e0 remous.<\/p>\n<p><a class=\"custom-btn inline primary-outline\" href=\"https:\/\/actonshotelkinsale.com\/suite\/desmond-suite\/\">Salle des visites<\/a><\/p>\n\n    <\/div>\n<\/div>\n\n\n\n  \n<\/div>\n\n\n\n\n\n<div id=\"block_62b340ba3a83a\" class=\"content-block two-column-image-block spacing-top-md spacing-bottom\">\n             \n  \n\n<div class=\"row align-items-center flex-row-reverse\">\n    <div class=\"col-lg-6 offset-lg-1 two-column-image-block__image\" data-aos=\"fade-down\" data-aos-delay=\"400\">\n                    <div class=\"img-wrapper\"><img decoding=\"async\" src=\"https:\/\/www.actonshotelkinsale.com\/wp-content\/uploads\/2022\/06\/1601-Suite@2x.jpg\" alt=\"\" title=\"1601 Suite@2x\"><\/div>\n            <\/div>\n\n    <div class=\"col-lg-4 offset-lg-1 two-column-image-block__text spacing-mobile\" data-aos=\"fade-up\">\n        <h3 class=\"fs-4\">Suite Junior<\/h3>\n<h2 class=\"fs-2\">1601 Suite<\/h2>\n<p>Cette suite, la plus confortable, offre un confort contemporain avec des vues sur l'eau, un lit king-size, un coin salon intime et une luxueuse baignoire sur pattes.<\/p>\n<p><a class=\"custom-btn inline primary-outline\" href=\"https:\/\/actonshotelkinsale.com\/suite\/1601-suite\/\">Salle des visites<\/a><\/p>\n\n    <\/div>\n<\/div>\n\n\n\n  \n<\/div>\n\n\n\n\n\n<div id=\"block_62b340cb3a83b\" class=\"content-block testimonial-slider-block spacing-top-none spacing-bottom\">\n             \n  \n<div class=\"testimonial-slider-block__wrapper\">\n   <div class=\"row\">\n      <div class=\"col-lg-1\">\n         <button class=\"testimonial-slider-block__prev prev arrow\"><i class=\"fas fa-chevron-left\"><\/i><\/button>\n      <\/div>\n      <div class=\"testimonial-slider-block__text col-lg-10\">\n         <div class=\"container\">\n            <div class=\"testimonial-slider-block__carousel\">\n                                 <div class=\"testimonial-slider-block__carousel__item\">\n                                             <h3 class=\"fs-4 text-center\">La nuit \u00e0 l'h\u00f4tel Actons ! <\/h3>\n                                          <p class=\"text-center\">Absolument incroyable du d\u00e9but \u00e0 la fin. J'ai s\u00e9journ\u00e9 dans une chambre R210, r\u00e9cemment r\u00e9nov\u00e9e et magnifique. Tout le personnel \u00e9tait charmant, que ce soit le personnel du bar, du restaurant, du centre de loisirs... Quelques petites attentions comme les articles de toilette Voya qui sont les meilleurs que j'ai vus dans les salles de bains d'un h\u00f4tel.<\/p>\n                  <\/div>\n                                 <div class=\"testimonial-slider-block__carousel__item\">\n                                             <h3 class=\"fs-4 text-center\">S\u00e9jour \u00e9tonnant !<\/h3>\n                                          <p class=\"text-center\">S\u00e9jour \u00e9tonnant \u00e0 l'h\u00f4tel Actons pendant 2 nuits pour l'anniversaire d'amis. J'ai s\u00e9journ\u00e9 dans la suite Charlefort, r\u00e9cemment r\u00e9nov\u00e9e et absolument incroyable. Le personnel \u00e9tait merveilleux, la nourriture est excellente et il y a un grand choix, l'endroit est absolument impeccable, et c'est dans un grand emplacement. Je le recommande vivement et j'y retournerai certainement ! <\/p>\n                  <\/div>\n                                 <div class=\"testimonial-slider-block__carousel__item\">\n                                             <h3 class=\"fs-4 text-center\">Merveilleux s\u00e9jour \u00e0 l'h\u00f4tel Actons<\/h3>\n                                          <p class=\"text-center\">J'ai visit\u00e9 l'h\u00f4tel Actons il y a quelques week-ends avec 5 amis du Royaume-Uni. Je ne peux pas faire assez d'\u00e9loges de l'h\u00f4tel. Les chambres \u00e9taient fantastiques et le personnel \u00e9tait si gentil et serviable. J'\u00e9tais vraiment fi\u00e8re d'\u00eatre irlandaise et de montrer mon pays \u00e0 mes amis anglais ! Merci \u00e0 Actons pour ce merveilleux s\u00e9jour.<\/p>\n                  <\/div>\n                           <\/div>\n         <\/div>\n      <\/div>\n      <div class=\"col-lg-1\">\n         <button class=\"testimonial-slider-block__next next arrow\"><i class=\"fas fa-chevron-right\"><\/i><\/button>\n      <\/div>\n      <div class=\"testimonial-slider-block__dots dots-wrapper\"><\/div>\n\n      <div class=\"testimonial-slider-block__mobile\">\n         <button class=\"testimonial-slider-block__prev prev arrow\"><i class=\"fas fa-chevron-left\"><\/i><\/button>\n         <button class=\"testimonial-slider-block__next next arrow\"><i class=\"fas fa-chevron-right\"><\/i><\/button>\n      <\/div>\n   <\/div>\n<\/div>\n\n\n  \n<\/div>","protected":false},"excerpt":{"rendered":"<p> [&#8230;]<\/p>\n<p><a class=\"btn btn-secondary understrap-read-more-link\" href=\"https:\/\/www.actonshotelkinsale.com\/fr\/suites\/\">Lire la suite...<\/a><\/p>","protected":false},"author":4,"featured_media":0,"parent":0,"menu_order":0,"comment_status":"closed","ping_status":"closed","template":"","meta":{"_acf_changed":false,"inline_featured_image":false,"footnotes":""},"class_list":["post-1579","page","type-page","status-publish","hentry"],"acf":[],"yoast_head":"<!-- This site is optimized with the Yoast SEO plugin v27.5 - https:\/\/yoast.com\/product\/yoast-seo-wordpress\/ -->\n<title>Kinsale Suites | Luxury Hotels Kinsale | Actons Hotel Kinsale<\/title>\n<meta name=\"description\" content=\"Lavish &amp; luxurious, with spectacular Kinsale harbour views, our suites are the best rooms in the house. Relax in style with the finest comforts. Book Now!\" \/>\n<meta name=\"robots\" content=\"index, follow, max-snippet:-1, max-image-preview:large, max-video-preview:-1\" \/>\n<link rel=\"canonical\" href=\"https:\/\/www.actonshotelkinsale.com\/fr\/suites\/\" \/>\n<meta property=\"og:locale\" content=\"fr_FR\" \/>\n<meta property=\"og:type\" content=\"article\" \/>\n<meta property=\"og:title\" content=\"Kinsale Suites | Luxury Hotels Kinsale | Actons Hotel Kinsale\" \/>\n<meta property=\"og:description\" content=\"Lavish &amp; luxurious, with spectacular Kinsale harbour views, our suites are the best rooms in the house. Relax in style with the finest comforts. Book Now!\" \/>\n<meta property=\"og:url\" content=\"https:\/\/www.actonshotelkinsale.com\/fr\/suites\/\" \/>\n<meta property=\"og:site_name\" content=\"Actons Hotel Kinsale\" \/>\n<meta property=\"article:modified_time\" content=\"2022-06-28T18:41:19+00:00\" \/>\n<meta name=\"twitter:card\" content=\"summary_large_image\" \/>\n<script type=\"application\/ld+json\" class=\"yoast-schema-graph\">{\"@context\":\"https:\\\/\\\/schema.org\",\"@graph\":[{\"@type\":\"WebPage\",\"@id\":\"https:\\\/\\\/www.actonshotelkinsale.com\\\/suites\\\/\",\"url\":\"https:\\\/\\\/www.actonshotelkinsale.com\\\/suites\\\/\",\"name\":\"Kinsale Suites | Luxury Hotels Kinsale | Actons Hotel Kinsale\",\"isPartOf\":{\"@id\":\"https:\\\/\\\/www.actonshotelkinsale.com\\\/#website\"},\"datePublished\":\"2022-06-22T16:10:45+00:00\",\"dateModified\":\"2022-06-28T18:41:19+00:00\",\"description\":\"Lavish & luxurious, with spectacular Kinsale harbour views, our suites are the best rooms in the house. Relax in style with the finest comforts. Book Now!\",\"breadcrumb\":{\"@id\":\"https:\\\/\\\/www.actonshotelkinsale.com\\\/suites\\\/#breadcrumb\"},\"inLanguage\":\"fr-FR\",\"potentialAction\":[{\"@type\":\"ReadAction\",\"target\":[\"https:\\\/\\\/www.actonshotelkinsale.com\\\/suites\\\/\"]}]},{\"@type\":\"BreadcrumbList\",\"@id\":\"https:\\\/\\\/www.actonshotelkinsale.com\\\/suites\\\/#breadcrumb\",\"itemListElement\":[{\"@type\":\"ListItem\",\"position\":1,\"name\":\"Home\",\"item\":\"https:\\\/\\\/www.actonshotelkinsale.com\\\/\"},{\"@type\":\"ListItem\",\"position\":2,\"name\":\"Suites\"}]},{\"@type\":\"WebSite\",\"@id\":\"https:\\\/\\\/www.actonshotelkinsale.com\\\/#website\",\"url\":\"https:\\\/\\\/www.actonshotelkinsale.com\\\/\",\"name\":\"Actons Hotel Kinsale\",\"description\":\"A kinsale classic since 1946\",\"potentialAction\":[{\"@type\":\"SearchAction\",\"target\":{\"@type\":\"EntryPoint\",\"urlTemplate\":\"https:\\\/\\\/www.actonshotelkinsale.com\\\/?s={search_term_string}\"},\"query-input\":{\"@type\":\"PropertyValueSpecification\",\"valueRequired\":true,\"valueName\":\"search_term_string\"}}],\"inLanguage\":\"fr-FR\"}]}<\/script>\n<!-- \/ Yoast SEO plugin. -->","yoast_head_json":{"title":"Kinsale Suites | Luxury Hotels Kinsale | Actons Hotel Kinsale","description":"Lavish & luxurious, with spectacular Kinsale harbour views, our suites are the best rooms in the house. Relax in style with the finest comforts. Book Now!","robots":{"index":"index","follow":"follow","max-snippet":"max-snippet:-1","max-image-preview":"max-image-preview:large","max-video-preview":"max-video-preview:-1"},"canonical":"https:\/\/www.actonshotelkinsale.com\/fr\/suites\/","og_locale":"fr_FR","og_type":"article","og_title":"Kinsale Suites | Luxury Hotels Kinsale | Actons Hotel Kinsale","og_description":"Lavish & luxurious, with spectacular Kinsale harbour views, our suites are the best rooms in the house. Relax in style with the finest comforts. Book Now!","og_url":"https:\/\/www.actonshotelkinsale.com\/fr\/suites\/","og_site_name":"Actons Hotel Kinsale","article_modified_time":"2022-06-28T18:41:19+00:00","twitter_card":"summary_large_image","schema":{"@context":"https:\/\/schema.org","@graph":[{"@type":"WebPage","@id":"https:\/\/www.actonshotelkinsale.com\/suites\/","url":"https:\/\/www.actonshotelkinsale.com\/suites\/","name":"Kinsale Suites | Luxury Hotels Kinsale | Actons Hotel Kinsale","isPartOf":{"@id":"https:\/\/www.actonshotelkinsale.com\/#website"},"datePublished":"2022-06-22T16:10:45+00:00","dateModified":"2022-06-28T18:41:19+00:00","description":"Lavish & luxurious, with spectacular Kinsale harbour views, our suites are the best rooms in the house. Relax in style with the finest comforts. Book Now!","breadcrumb":{"@id":"https:\/\/www.actonshotelkinsale.com\/suites\/#breadcrumb"},"inLanguage":"fr-FR","potentialAction":[{"@type":"ReadAction","target":["https:\/\/www.actonshotelkinsale.com\/suites\/"]}]},{"@type":"BreadcrumbList","@id":"https:\/\/www.actonshotelkinsale.com\/suites\/#breadcrumb","itemListElement":[{"@type":"ListItem","position":1,"name":"Home","item":"https:\/\/www.actonshotelkinsale.com\/"},{"@type":"ListItem","position":2,"name":"Suites"}]},{"@type":"WebSite","@id":"https:\/\/www.actonshotelkinsale.com\/#website","url":"https:\/\/www.actonshotelkinsale.com\/","name":"Actons Hotel Kinsale","description":"A kinsale classic since 1946","potentialAction":[{"@type":"SearchAction","target":{"@type":"EntryPoint","urlTemplate":"https:\/\/www.actonshotelkinsale.com\/?s={search_term_string}"},"query-input":{"@type":"PropertyValueSpecification","valueRequired":true,"valueName":"search_term_string"}}],"inLanguage":"fr-FR"}]}},"_links":{"self":[{"href":"https:\/\/www.actonshotelkinsale.com\/fr\/wp-json\/wp\/v2\/pages\/1579","targetHints":{"allow":["GET"]}}],"collection":[{"href":"https:\/\/www.actonshotelkinsale.com\/fr\/wp-json\/wp\/v2\/pages"}],"about":[{"href":"https:\/\/www.actonshotelkinsale.com\/fr\/wp-json\/wp\/v2\/types\/page"}],"author":[{"embeddable":true,"href":"https:\/\/www.actonshotelkinsale.com\/fr\/wp-json\/wp\/v2\/users\/4"}],"replies":[{"embeddable":true,"href":"https:\/\/www.actonshotelkinsale.com\/fr\/wp-json\/wp\/v2\/comments?post=1579"}],"version-history":[{"count":0,"href":"https:\/\/www.actonshotelkinsale.com\/fr\/wp-json\/wp\/v2\/pages\/1579\/revisions"}],"wp:attachment":[{"href":"https:\/\/www.actonshotelkinsale.com\/fr\/wp-json\/wp\/v2\/media?parent=1579"}],"curies":[{"name":"wp","href":"https:\/\/api.w.org\/{rel}","templated":true}]}}