{"id":2014,"date":"2023-05-12T11:03:16","date_gmt":"2023-05-12T11:03:16","guid":{"rendered":"https:\/\/www.actonshotelkinsale.com\/?page_id=2014"},"modified":"2024-07-31T14:49:08","modified_gmt":"2024-07-31T14:49:08","slug":"privacy-cookies","status":"publish","type":"page","link":"https:\/\/www.actonshotelkinsale.com\/de\/privacy-cookies\/","title":{"rendered":"Datenschutz &amp; Cookies"},"content":{"rendered":"<div id=\"block_0a35a8af5d4e87836818c8cf1e1a8095\" class=\"content-block hero-image-header-block\">\n             \n  \n  <div class=\"hero-image-header-block__bgImage bgImage-fullwidth\" style=\"background: url(https:\/\/www.actonshotelkinsale.com\/wp-content\/uploads\/2023\/05\/iStock-1148023138-Copy-scaled.jpg) center center \/ cover no-repeat;\"><\/div>\n\n\n  \n<\/div>\n\n\n\n\n\n<div id=\"block_de1fbd2c9fcea8d656d7b9afd2593022\" class=\"content-block single-column-block spacing-top spacing-bottom-none\">\n             \n  \n  \n<div class=\"single-column-block__column col-lg-6\" data-aos=\"fade-up\">\n  <h3 class=\"fs-4\" style=\"text-align: center;\">Actons Hotel Kinsale<\/h3>\n<h1 class=\"fs-2 fs-1\" style=\"text-align: center;\">Datenschutz &amp; Cookies Politik<\/h1>\n<p>&nbsp;<\/p>\n<p class=\"text-accent\">\n\n<\/div>\n\n\n  \n<\/div>\n\n\n\n\n\n<div id=\"block_92adc0e8f63a5463ac85fac14e53b86f\" class=\"content-block single-column-block spacing-top-sm spacing-bottom\">\n             \n  \n  \n<div class=\"single-column-block__column col-lg-6\" data-aos=\"fade-up\">\n  <p><!-- wp:heading --><\/p>\n<h1 style=\"text-align: center;\">Allgemeine Erkl\u00e4rung<\/h1>\n<h1 style=\"text-align: center;\"><!-- \/wp:heading --> <!-- wp:paragraph --><\/h1>\n<p style=\"text-align: center;\">Actons Hotel l respektiert Ihr Recht auf Privatsph\u00e4re und sammelt ohne Ihre ausdr\u00fcckliche Zustimmung keine pers\u00f6nlichen Informationen \u00fcber Sie auf dieser Website. Alle pers\u00f6nlichen Daten, die Sie Actons Hotel freiwillig zur Verf\u00fcgung stellen, werden mit den h\u00f6chsten Sicherheits- und Vertraulichkeitsstandards behandelt, in strikter \u00dcbereinstimmung mit den Data Protection Acts, 1988 &amp; 2003.<\/p>\n<p style=\"text-align: center;\"><!-- \/wp:paragraph --> <!-- wp:heading {\"level\":5} --><\/p>\n<h2 style=\"text-align: center;\">Erhebung und Verwendung pers\u00f6nlicher Daten<\/h2>\n<h2 style=\"text-align: center;\"><!-- \/wp:heading --> <!-- wp:paragraph --><\/h2>\n<p style=\"text-align: center;\">Actons Hotel sammelt auf dieser Website keine pers\u00f6nlichen Daten \u00fcber Sie, abgesehen von den Informationen, die Sie uns freiwillig zur Verf\u00fcgung stellen (z. B. im Rahmen des Buchungsvorgangs, per E-Mail oder \u00fcber unser Online-Feedback-Formular). Alle Informationen, die Sie auf diese Weise zur Verf\u00fcgung stellen, werden nicht an Dritte weitergegeben und von Actons Hotel nur f\u00fcr den Zweck verwendet, f\u00fcr den Sie sie zur Verf\u00fcgung gestellt haben.<\/p>\n<p style=\"text-align: center;\"><!-- \/wp:paragraph --> <!-- wp:paragraph --><\/p>\n<p style=\"text-align: center;\">Einzelheiten zu Ihren Besuchen auf unserer Website und den Ressourcen, auf die Sie zugreifen, einschlie\u00dflich, aber nicht beschr\u00e4nkt auf Verkehrsdaten, Standortdaten, Weblogs und andere Kommunikationsdaten.<\/p>\n<p style=\"text-align: center;\"><!-- \/wp:paragraph --> <!-- wp:paragraph --><\/p>\n<p style=\"text-align: center;\">Informationen, die Sie beim Ausf\u00fcllen von Formularen auf unserer Website angeben, z. B. wenn Sie sich f\u00fcr Informationen registrieren oder einen Kauf t\u00e4tigen. (Bitte beachten Sie, dass wir die M\u00f6glichkeit haben, Ihre Kontaktdaten zu speichern, wenn Sie diese auf unserer Website mit VeCapture von Ve Interactive eingeben, auch wenn Sie Ihre Registrierung\/Transaktion\/Angebot nicht durch Klicken auf \"Absenden\" abschlie\u00dfen. Solche Kontaktdaten k\u00f6nnen verwendet werden, um Sie zu kontaktieren, um Sie bei Ihrer Registrierung\/Transaktion zu unterst\u00fctzen). Informationen, die Sie in unsere Buchungsformulare eingeben, k\u00f6nnen von uns erfasst und kurzzeitig gespeichert werden, damit wir Sie in Bezug auf die Art Ihrer Anfrage\/versuchten Transaktion kontaktieren k\u00f6nnen, auch wenn Sie die Transaktion nicht best\u00e4tigen. Diese Daten k\u00f6nnen verwendet werden, um operative E-Mails zu senden, um nachzufragen, warum die Transaktion nicht abgeschlossen wurde. Wir verwenden diese Daten nicht f\u00fcr andere Zwecke, speichern sie nicht l\u00e4nger als n\u00f6tig und geben sie keinesfalls an andere Unternehmen weiter. Unser Ziel ist es einfach, Ihnen den bestm\u00f6glichen Service zu bieten, den wir bieten k\u00f6nnen.<\/p>\n<p style=\"text-align: center;\"><!-- \/wp:paragraph --> <!-- wp:heading {\"level\":5} --><\/p>\n<h2 style=\"text-align: center;\">Sammlung und Verwendung technischer Informationen<\/h2>\n<p style=\"text-align: center;\"><!-- \/wp:heading --> <!-- wp:paragraph --><\/p>\n<p style=\"text-align: center;\">Diese Website verwendet keine Cookies, abgesehen von tempor\u00e4ren \"Session\"-Cookies, die es dem Webbrowser eines Besuchers erm\u00f6glichen, sich zu merken, welche Seiten dieser Website bereits besucht wurden. Besucher k\u00f6nnen diese Website ohne Funktionseinbu\u00dfen nutzen, wenn sie Cookies in ihrem Webbrowser deaktivieren.<br \/>\nTechnische Details im Zusammenhang mit dem Besuch dieser Website werden von unserem Internetdienstleister zu statistischen Zwecken aufgezeichnet. Es werden keine Informationen gesammelt, die von uns verwendet werden k\u00f6nnten, um Besucher der Website zu identifizieren. Die protokollierten technischen Daten beschr\u00e4nken sich auf die folgenden Punkte:<\/p>\n<p style=\"text-align: center;\"><!-- \/wp:paragraph --> <!-- wp:heading {\"level\":5} --><\/p>\n<h2 style=\"text-align: center;\">Die IP-Adresse des Webservers des Besuchers<\/h2>\n<p style=\"text-align: center;\"><!-- \/wp:heading --> <!-- wp:paragraph --><\/p>\n<p style=\"text-align: center;\">Der verwendete Top-Level-Domain-Name (zum Beispiel .ie, .com, .org, .net)<br \/>\nDie vorherige Website-Adresse, \u00fcber die der Besucher zu uns gelangt ist, einschlie\u00dflich der verwendeten Suchbegriffe<br \/>\nClickstream-Daten, die den Besucherverkehr auf dieser Website zeigen (z. B. aufgerufene Seiten und heruntergeladene Dokumente)<\/p>\n<p style=\"text-align: center;\"><!-- \/wp:paragraph --> <!-- wp:heading {\"level\":5} --><\/p>\n<h2 style=\"text-align: center;\">Die Art des vom Website-Besucher verwendeten Webbrowsers<\/h2>\n<p style=\"text-align: center;\"><!-- \/wp:heading --> <!-- wp:paragraph --><\/p>\n<p style=\"text-align: center;\">Actons Hotel unternimmt keinen Versuch, einzelne Besucher zu identifizieren oder die oben aufgef\u00fchrten technischen Daten mit einer Person in Verbindung zu bringen. Es ist die Politik von Actons Hotel, solche technischen Informationen \u00fcber einzelne Besucher der Website niemals an Dritte weiterzugeben (mit Ausnahme unseres Internet Service Providers, der diese Daten in unserem Namen aufzeichnet und an diesbez\u00fcgliche Vertraulichkeitsbestimmungen gebunden ist), es sei denn, er ist aufgrund einer Rechtsvorschrift zur Weitergabe dieser Informationen verpflichtet. Die technischen Informationen werden nur von Actons Hotel und nur f\u00fcr statistische und andere administrative Zwecke verwendet. Bitte beachten Sie, dass technische Daten, die wir nicht mit einer identifizierbaren Person in Verbindung bringen k\u00f6nnen, keine \"personenbezogenen Daten\" im Sinne der Datenschutzgesetze von 1988 und 2003 darstellen.<\/p>\n<p style=\"text-align: center;\"><!-- \/wp:paragraph --> <!-- wp:heading {\"level\":5} --><\/p>\n<h1 style=\"text-align: center;\">Glossar der verwendeten Fachbegriffe:<\/h1>\n<p style=\"text-align: center;\"><strong>Web-Browser<\/strong><br \/>\nDie Software, die Sie zum Lesen von Webseiten verwenden. Beispiele sind Microsoft Internet Explorer, Netscape Navigator und Opera.<\/p>\n<p style=\"text-align: center;\"><strong>IP-Adresse<\/strong><br \/>\nDie Identifizierungsdaten Ihres Computers (oder des Computers Ihrer Internetfirma), ausgedr\u00fcckt im \"Internetprotokoll\"-Code (z. B. 192.168.72.34). Jeder Computer, der mit dem Internet verbunden ist, hat eine eindeutige IP-Adresse, auch wenn diese nicht bei jeder Verbindung gleich ist.<\/p>\n<p style=\"text-align: center;\"><strong>Cookies<\/strong><br \/>\nKleine, in einfachen Textdateien gespeicherte Informationen, die von einer Website auf Ihrem Computer abgelegt werden. Cookies k\u00f6nnen von der Website bei Ihren n\u00e4chsten Besuchen gelesen werden. Die in einem Cookie gespeicherten Informationen k\u00f6nnen sich auf Ihre Surfgewohnheiten auf der Website beziehen oder eine eindeutige Identifikationsnummer enthalten, damit sich die Website bei Ihrem n\u00e4chsten Besuch an Sie \"erinnern\" kann. Im Allgemeinen enthalten Cookies keine pers\u00f6nlichen Informationen, anhand derer Sie identifiziert werden k\u00f6nnen, es sei denn, Sie haben der Website solche Informationen zur Verf\u00fcgung gestellt.<\/p>\n<p style=\"text-align: center;\">Wenn Sie online sind, aber unsere Website nicht nutzen, arbeiten wir mit sorgf\u00e4ltig ausgew\u00e4hlten Drittanbietern zusammen, denen wir erlauben, in unserem Namen Cookies auf unserer Website zu verwenden, um uns zu helfen, Werbung effektiv auszuliefern und die Wiederholung von Werbung zu vermeiden. Diese Cookies erm\u00f6glichen es uns, Werbung auf anderen Websites zu schalten, die den Interessen des Nutzers besser entspricht. Die Informationen, die wir sammeln und weitergeben, sind anonym und k\u00f6nnen nicht pers\u00f6nlich identifiziert werden. Sie enthalten nicht den Namen, die Adresse, die Telefonnummer oder die E-Mail-Adresse eines Nutzers. Um die Datenschutzbestimmungen von Google einzusehen, klicken Sie bitte auf <a href=\"https:\/\/policies.google.com\/technologies\/partner-sites\">hier<\/a>.<\/p>\n<p style=\"text-align: center;\">Diese Erkl\u00e4rung bezieht sich auf unsere Datenschutzpraktiken im Zusammenhang mit dieser Website. Wir sind nicht verantwortlich f\u00fcr den Inhalt oder die Datenschutzpraktiken anderer Websites. Externe Links zu anderen Websites sind klar als solche gekennzeichnet. Einige Fachbegriffe, die in dieser Erkl\u00e4rung verwendet werden, werden am Ende dieser Seite erl\u00e4utert.<\/p>\n<p style=\"text-align: center;\"><!-- \/wp:heading --> <!-- wp:paragraph --><\/p>\n<h3 class=\"fs-2 text-accent\" style=\"text-align: center;\"><\/h3>\n<p><!-- \/wp:paragraph --><\/p>\n\n<\/div>\n\n\n  \n<\/div>","protected":false},"excerpt":{"rendered":"<p> [&#8230;]<\/p>\n<p><a class=\"btn btn-secondary understrap-read-more-link\" href=\"https:\/\/www.actonshotelkinsale.com\/de\/privacy-cookies\/\">Weiterlesen...<\/a><\/p>","protected":false},"author":9,"featured_media":0,"parent":0,"menu_order":0,"comment_status":"closed","ping_status":"closed","template":"","meta":{"_acf_changed":false,"inline_featured_image":false,"footnotes":""},"class_list":["post-2014","page","type-page","status-publish","hentry"],"acf":[],"yoast_head":"<!-- This site is optimized with the Yoast SEO plugin v27.4 - https:\/\/yoast.com\/product\/yoast-seo-wordpress\/ -->\n<title>Privacy &amp; Cookies Policy | Actons Hotel Kinsale<\/title>\n<meta name=\"description\" content=\"Actons Hotel fully respects your right to privacy, and will not collect any personal information about you on this website without your clear permission. Read More.\" \/>\n<meta name=\"robots\" content=\"index, follow, max-snippet:-1, max-image-preview:large, max-video-preview:-1\" \/>\n<link rel=\"canonical\" href=\"https:\/\/www.actonshotelkinsale.com\/de\/privacy-cookies\/\" \/>\n<meta property=\"og:locale\" content=\"de_DE\" \/>\n<meta property=\"og:type\" content=\"article\" \/>\n<meta property=\"og:title\" content=\"Privacy &amp; Cookies Policy | Actons Hotel Kinsale\" \/>\n<meta property=\"og:description\" content=\"Actons Hotel fully respects your right to privacy, and will not collect any personal information about you on this website without your clear permission. Read More.\" \/>\n<meta property=\"og:url\" content=\"https:\/\/www.actonshotelkinsale.com\/de\/privacy-cookies\/\" \/>\n<meta property=\"og:site_name\" content=\"Actons Hotel Kinsale\" \/>\n<meta property=\"article:modified_time\" content=\"2024-07-31T14:49:08+00:00\" \/>\n<meta name=\"twitter:card\" content=\"summary_large_image\" \/>\n<script type=\"application\/ld+json\" class=\"yoast-schema-graph\">{\"@context\":\"https:\\\/\\\/schema.org\",\"@graph\":[{\"@type\":\"WebPage\",\"@id\":\"https:\\\/\\\/www.actonshotelkinsale.com\\\/privacy-cookies\\\/\",\"url\":\"https:\\\/\\\/www.actonshotelkinsale.com\\\/privacy-cookies\\\/\",\"name\":\"Privacy & Cookies Policy | Actons Hotel Kinsale\",\"isPartOf\":{\"@id\":\"https:\\\/\\\/www.actonshotelkinsale.com\\\/#website\"},\"datePublished\":\"2023-05-12T11:03:16+00:00\",\"dateModified\":\"2024-07-31T14:49:08+00:00\",\"description\":\"Actons Hotel fully respects your right to privacy, and will not collect any personal information about you on this website without your clear permission. Read More.\",\"breadcrumb\":{\"@id\":\"https:\\\/\\\/www.actonshotelkinsale.com\\\/privacy-cookies\\\/#breadcrumb\"},\"inLanguage\":\"de-DE\",\"potentialAction\":[{\"@type\":\"ReadAction\",\"target\":[\"https:\\\/\\\/www.actonshotelkinsale.com\\\/privacy-cookies\\\/\"]}]},{\"@type\":\"BreadcrumbList\",\"@id\":\"https:\\\/\\\/www.actonshotelkinsale.com\\\/privacy-cookies\\\/#breadcrumb\",\"itemListElement\":[{\"@type\":\"ListItem\",\"position\":1,\"name\":\"Home\",\"item\":\"https:\\\/\\\/www.actonshotelkinsale.com\\\/\"},{\"@type\":\"ListItem\",\"position\":2,\"name\":\"Privacy &#038; Cookies\"}]},{\"@type\":\"WebSite\",\"@id\":\"https:\\\/\\\/www.actonshotelkinsale.com\\\/#website\",\"url\":\"https:\\\/\\\/www.actonshotelkinsale.com\\\/\",\"name\":\"Actons Hotel Kinsale\",\"description\":\"A kinsale classic since 1946\",\"potentialAction\":[{\"@type\":\"SearchAction\",\"target\":{\"@type\":\"EntryPoint\",\"urlTemplate\":\"https:\\\/\\\/www.actonshotelkinsale.com\\\/?s={search_term_string}\"},\"query-input\":{\"@type\":\"PropertyValueSpecification\",\"valueRequired\":true,\"valueName\":\"search_term_string\"}}],\"inLanguage\":\"de-DE\"}]}<\/script>\n<!-- \/ Yoast SEO plugin. -->","yoast_head_json":{"title":"Privacy & Cookies Policy | Actons Hotel Kinsale","description":"Actons Hotel fully respects your right to privacy, and will not collect any personal information about you on this website without your clear permission. Read More.","robots":{"index":"index","follow":"follow","max-snippet":"max-snippet:-1","max-image-preview":"max-image-preview:large","max-video-preview":"max-video-preview:-1"},"canonical":"https:\/\/www.actonshotelkinsale.com\/de\/privacy-cookies\/","og_locale":"de_DE","og_type":"article","og_title":"Privacy & Cookies Policy | Actons Hotel Kinsale","og_description":"Actons Hotel fully respects your right to privacy, and will not collect any personal information about you on this website without your clear permission. Read More.","og_url":"https:\/\/www.actonshotelkinsale.com\/de\/privacy-cookies\/","og_site_name":"Actons Hotel Kinsale","article_modified_time":"2024-07-31T14:49:08+00:00","twitter_card":"summary_large_image","schema":{"@context":"https:\/\/schema.org","@graph":[{"@type":"WebPage","@id":"https:\/\/www.actonshotelkinsale.com\/privacy-cookies\/","url":"https:\/\/www.actonshotelkinsale.com\/privacy-cookies\/","name":"Privacy & Cookies Policy | Actons Hotel Kinsale","isPartOf":{"@id":"https:\/\/www.actonshotelkinsale.com\/#website"},"datePublished":"2023-05-12T11:03:16+00:00","dateModified":"2024-07-31T14:49:08+00:00","description":"Actons Hotel fully respects your right to privacy, and will not collect any personal information about you on this website without your clear permission. Read More.","breadcrumb":{"@id":"https:\/\/www.actonshotelkinsale.com\/privacy-cookies\/#breadcrumb"},"inLanguage":"de-DE","potentialAction":[{"@type":"ReadAction","target":["https:\/\/www.actonshotelkinsale.com\/privacy-cookies\/"]}]},{"@type":"BreadcrumbList","@id":"https:\/\/www.actonshotelkinsale.com\/privacy-cookies\/#breadcrumb","itemListElement":[{"@type":"ListItem","position":1,"name":"Home","item":"https:\/\/www.actonshotelkinsale.com\/"},{"@type":"ListItem","position":2,"name":"Privacy &#038; Cookies"}]},{"@type":"WebSite","@id":"https:\/\/www.actonshotelkinsale.com\/#website","url":"https:\/\/www.actonshotelkinsale.com\/","name":"Actons Hotel Kinsale","description":"A kinsale classic since 1946","potentialAction":[{"@type":"SearchAction","target":{"@type":"EntryPoint","urlTemplate":"https:\/\/www.actonshotelkinsale.com\/?s={search_term_string}"},"query-input":{"@type":"PropertyValueSpecification","valueRequired":true,"valueName":"search_term_string"}}],"inLanguage":"de-DE"}]}},"_links":{"self":[{"href":"https:\/\/www.actonshotelkinsale.com\/de\/wp-json\/wp\/v2\/pages\/2014","targetHints":{"allow":["GET"]}}],"collection":[{"href":"https:\/\/www.actonshotelkinsale.com\/de\/wp-json\/wp\/v2\/pages"}],"about":[{"href":"https:\/\/www.actonshotelkinsale.com\/de\/wp-json\/wp\/v2\/types\/page"}],"author":[{"embeddable":true,"href":"https:\/\/www.actonshotelkinsale.com\/de\/wp-json\/wp\/v2\/users\/9"}],"replies":[{"embeddable":true,"href":"https:\/\/www.actonshotelkinsale.com\/de\/wp-json\/wp\/v2\/comments?post=2014"}],"version-history":[{"count":0,"href":"https:\/\/www.actonshotelkinsale.com\/de\/wp-json\/wp\/v2\/pages\/2014\/revisions"}],"wp:attachment":[{"href":"https:\/\/www.actonshotelkinsale.com\/de\/wp-json\/wp\/v2\/media?parent=2014"}],"curies":[{"name":"wp","href":"https:\/\/api.w.org\/{rel}","templated":true}]}}