{"id":1674,"date":"2022-06-22T18:31:05","date_gmt":"2022-06-22T18:31:05","guid":{"rendered":"https:\/\/actons.local\/?page_id=1674"},"modified":"2024-04-12T09:05:41","modified_gmt":"2024-04-12T09:05:41","slug":"things-to-do-in-kinsale","status":"publish","type":"page","link":"https:\/\/www.actonshotelkinsale.com\/de\/dinge-zu-tun-in-kinsale\/","title":{"rendered":"Dinge zu tun in Kinsale"},"content":{"rendered":"<div id=\"block_999cecd61e502a189aa836987933cabd\" class=\"content-block hero-image-header-block\">\n             \n  \n  <div class=\"hero-image-header-block__bgImage\" style=\"background: url(https:\/\/www.actonshotelkinsale.com\/wp-content\/uploads\/2022\/06\/iStock-Photo-1-scaled.png) center center \/ cover no-repeat;\"><\/div>\n  <div class=\"hero-image-header-block__overlay\"><\/div>\n  <div class=\"hero-image-header-block__text col-lg-8\" data-aos=\"fade-up\"><h3 class=\"fs-4\">erkunden.<\/h3>\n<h1 class=\"fs-1\">12 tolle Dinge zu tun in Kinsale<\/h1>\n<\/div>\n\n\n  \n<\/div>\n\n\n\n\n\n<div id=\"block_4952c29a6d3d499522eaf46db6a292de\" class=\"content-block single-column-block spacing-top spacing-bottom-none\">\n             \n  \n  \n<div class=\"single-column-block__column col-lg-6\" data-aos=\"fade-up\">\n  <p style=\"text-align: center;\">Kinsale ist ein mittelalterliches St\u00e4dtchen mit einem maritimen Herzen, das seine Energie aus seiner Sch\u00f6nheit, seinen Menschen und seinem gro\u00dfen, sicheren Hafen bezieht. Gesch\u00fctzt von steilen, gr\u00fcnen H\u00fcgeln und bewacht von einer beeindruckenden Festung aus dem 17. Jahrhundert m\u00fcndet der Fluss Bandon an diesem malerischen Ort, an dem Segeln und Fischerei die Gemeinde gepr\u00e4gt haben, ins Meer.<\/p>\n<p style=\"text-align: center;\">Enge, gewundene Stra\u00dfen mit farbenfrohen Ladenfronten und denkmalgesch\u00fctzten Geb\u00e4uden, Galerien und Souvenirl\u00e4den, lebhaften Pubs und hervorragenden Restaurants verspr\u00fchen historischen Stolz. Das Actons Hotel, seit 1946 das Herzst\u00fcck der Stadt, \u00fcberblickt den h\u00fcbschen Naturhafen, in dem Fischerboote, Jollen und Yachten verkehren. Unser Rezeptionsteam ist Ihnen bei der Planung Ihres Abenteuers gerne behilflich und freut sich darauf, Ihnen bei der Planung eines perfekten Aufenthalts behilflich zu sein.<\/p>\n<p style=\"text-align: center;\"><em><strong>Machen Sie sich mit diesen 12 Top-Ideen Appetit.<\/strong><\/em><\/p>\n\n<\/div>\n\n\n  \n<\/div>\n\n\n\n\n\n<div id=\"block_4f99e78eed0e4dacdd7fbe3de54d9e78\" class=\"content-block card-grid-block spacing-top spacing-bottom\">\n             \n  \n\n\n<div class=\"container\">\n   <div class=\"row\">\n               <div class=\"card-grid-block__item\">\n            <div class=\"card-grid-block__item__info\">\n               <div class=\"card-grid-block__image\" data-aos=\"fade-up\">\n                                    <img decoding=\"async\" src=\"https:\/\/www.actonshotelkinsale.com\/wp-content\/uploads\/2022\/04\/Heritage-Walks@2x.webp\" alt=\"\">\n               <\/div>\n               <h4 data-aos=\"fade-up\" data-aos-delay=\"50\">1. Heritage Walks<\/h4>\n               <div data-aos=\"fade-up\" data-aos-delay=\"100\"><p>Bei einem Spaziergang mit dem aus Kinsale stammenden Dermot Ryan wird die Geschichte dieser h\u00fcbschen Stadt aufgedeckt. Mit seiner un\u00fcbertroffenen Ortskenntnis wird Dermot fast 1.000 Jahre Geschichte zum Leben erwecken, von den ersten Siedlern \u00fcber die Anglo-Normannen, die katastrophale Schlacht von Kinsale im Jahr 1601 bis hin zur Katastrophe der Lusitania und der beeindruckenden georgianischen und viktorianischen Architektur der Stadt.<\/p>\n<\/div>\n                           <\/div>\n         <\/div>\n               <div class=\"card-grid-block__item\">\n            <div class=\"card-grid-block__item__info\">\n               <div class=\"card-grid-block__image\" data-aos=\"fade-up\">\n                                    <img decoding=\"async\" src=\"https:\/\/www.actonshotelkinsale.com\/wp-content\/uploads\/2022\/04\/Desmond-Castle@2x.webp\" alt=\"\">\n               <\/div>\n               <h4 data-aos=\"fade-up\" data-aos-delay=\"50\">2. Schloss Desmond<\/h4>\n               <div data-aos=\"fade-up\" data-aos-delay=\"100\"><p>Entdecken Sie bei einem Besuch von Desmond Castle die \u00fcberraschenden Verbindungen zwischen Kinsale und den gr\u00f6\u00dften Weing\u00fctern der Welt. Das Turmhaus aus dem fr\u00fchen 16. Jahrhundert wurde 1601 von den spanischen Streitkr\u00e4ften besetzt und diente als Zollhaus, Gef\u00e4ngnis und Arbeitshaus f\u00fcr Hungernde, bevor es das kleine Internationale Weinmuseum beherbergte.<\/p>\n<\/div>\n                           <\/div>\n         <\/div>\n               <div class=\"card-grid-block__item\">\n            <div class=\"card-grid-block__item__info\">\n               <div class=\"card-grid-block__image\" data-aos=\"fade-up\">\n                                    <img decoding=\"async\" src=\"https:\/\/www.actonshotelkinsale.com\/wp-content\/uploads\/2022\/04\/Charles-Fort@2x.webp\" alt=\"\">\n               <\/div>\n               <h4 data-aos=\"fade-up\" data-aos-delay=\"50\">3. Karl Fort<\/h4>\n               <div data-aos=\"fade-up\" data-aos-delay=\"100\"><p>Das Charles Fort, eine der beeindruckendsten Sehensw\u00fcrdigkeiten von Kinsale, wurde im 17. Jahrhundert als milit\u00e4rische Verteidigungsanlage zum Schutz der Stadt und des Hafens errichtet. Das spektakul\u00e4re Bauwerk ist eines der am besten erhaltenen sternf\u00f6rmigen Artillerieforts Europas und war bis 1922 in Betrieb, als ein Gro\u00dfteil der Anlage beim R\u00fcckzug der Briten zerst\u00f6rt wurde. Die Aussicht von den Festungsmauern ist au\u00dfergew\u00f6hnlich.<\/p>\n<\/div>\n                                 <a class=\"card-cta\" href=\"https:\/\/heritageireland.ie\/places-to-visit\/charles-fort-military-fortress\/\" target=\"_blank\" data-aos=\"fade-up\" data-aos-delay=\"150\">Mehr erforschen <\/a>\n                           <\/div>\n         <\/div>\n               <div class=\"card-grid-block__item\">\n            <div class=\"card-grid-block__item__info\">\n               <div class=\"card-grid-block__image\" data-aos=\"fade-up\">\n                                    <img decoding=\"async\" src=\"https:\/\/www.actonshotelkinsale.com\/wp-content\/uploads\/2022\/04\/Beaches@2x.webp\" alt=\"\">\n               <\/div>\n               <h4 data-aos=\"fade-up\" data-aos-delay=\"50\">4. Str\u00e4nde<\/h4>\n               <div data-aos=\"fade-up\" data-aos-delay=\"100\"><p>Kinsale ist von den unber\u00fchrtesten Str\u00e4nden umgeben, die alle nur wenige Autominuten von Actons entfernt sind. Lassen Sie uns ein Lunchpaket arrangieren, bevor Sie sich entlang der K\u00fcste auf den Weg machen, um Ihr eigenes St\u00fcckchen vom Himmel zu finden.<\/p>\n<\/div>\n                           <\/div>\n         <\/div>\n               <div class=\"card-grid-block__item\">\n            <div class=\"card-grid-block__item__info\">\n               <div class=\"card-grid-block__image\" data-aos=\"fade-up\">\n                                    <img decoding=\"async\" src=\"https:\/\/www.actonshotelkinsale.com\/wp-content\/uploads\/2022\/04\/Old-Head-Signal-Tower-Lusitania-Museum@2x.webp\" alt=\"\">\n               <\/div>\n               <h4 data-aos=\"fade-up\" data-aos-delay=\"50\">5. Alter Stellwerksturm &amp; Lusitania-Museum<\/h4>\n               <div data-aos=\"fade-up\" data-aos-delay=\"100\"><p>13 Kilometer s\u00fcdlich der Stadt befindet sich der Old Head of Kinsale Signal Tower, ein wundersch\u00f6n restaurierter Aussichtspunkt und Museum. Der 200 Jahre alte Signalturm, der von den Briten w\u00e4hrend der napoleonischen Kriege als Ausguck und Signalposten errichtet wurde, beherbergt heute ein Museum, das der RMS Lusitania gewidmet ist, die im Ersten Weltkrieg von einem deutschen U-Boot torpediert wurde und 1200 Menschenleben forderte.<\/p>\n<\/div>\n                                 <a class=\"card-cta\" href=\"http:\/\/www.oldheadofkinsale.com\/\" target=\"_blank\" data-aos=\"fade-up\" data-aos-delay=\"150\">Mehr erforschen <\/a>\n                           <\/div>\n         <\/div>\n               <div class=\"card-grid-block__item\">\n            <div class=\"card-grid-block__item__info\">\n               <div class=\"card-grid-block__image\" data-aos=\"fade-up\">\n                                    <img decoding=\"async\" src=\"https:\/\/www.actonshotelkinsale.com\/wp-content\/uploads\/2022\/04\/Sailing@2x.webp\" alt=\"\">\n               <\/div>\n               <h4 data-aos=\"fade-up\" data-aos-delay=\"50\">6. Water Adventures<\/h4>\n               <div data-aos=\"fade-up\" data-aos-delay=\"100\"><p>Hit the high seas and experience the unique thrill of sailing within Kinsale\u2019s sheltered harbour. Enjoy Kinsale and its spectacular setting from the water aboard the Spirit of Kinsale with Kinsale Harbour Cruises. Perhaps you\u2019d prefer to charter a yacht or head for open waters on a deep-sea fishing charter with Sovereign Sailing? How about a private tour from Brian from Kinsale Wellness on Water where you get to fish, check lobster traps and have the company of a furry friend called Alfie.<\/p>\n<p>&nbsp;<\/p>\n<\/div>\n                                 <a class=\"card-cta\" href=\"https:\/\/www.actonshotelkinsale.com\/water-adventures-boat-tours-2\/\" target=\"_blank\" data-aos=\"fade-up\" data-aos-delay=\"150\">Learn More Here:<\/a>\n                           <\/div>\n         <\/div>\n               <div class=\"card-grid-block__item\">\n            <div class=\"card-grid-block__item__info\">\n               <div class=\"card-grid-block__image\" data-aos=\"fade-up\">\n                                    <img decoding=\"async\" src=\"https:\/\/www.actonshotelkinsale.com\/wp-content\/uploads\/2022\/06\/blacks-b.webp\" alt=\"\">\n               <\/div>\n               <h4 data-aos=\"fade-up\" data-aos-delay=\"50\">7. Black's Brauerei &amp; Destillerie<\/h4>\n               <div data-aos=\"fade-up\" data-aos-delay=\"100\"><p>Overlooking the Bandon River lies a hidden gem for beer and spirit enthusiasts alike \u2013 Blacks Brewery &amp; Distillery. They brew a variety of beers, craft gins and whiskeys. Whether you are a seasoned sipper or just curious, stop by for a guided tour of their grounds and taste their creations. Recently having opened their outdoor area, be sure to check out a variety of their locally brewed beers and distilled gins.<\/p>\n<\/div>\n                                 <a class=\"card-cta\" href=\"https:\/\/www.blacksbrewery.com\/\" target=\"_blank\" data-aos=\"fade-up\" data-aos-delay=\"150\">Mehr erforschen <\/a>\n                           <\/div>\n         <\/div>\n               <div class=\"card-grid-block__item\">\n            <div class=\"card-grid-block__item__info\">\n               <div class=\"card-grid-block__image\" data-aos=\"fade-up\">\n                                    <img decoding=\"async\" src=\"https:\/\/www.actonshotelkinsale.com\/wp-content\/uploads\/2022\/06\/Gallery-\u2013-Kinsale-Mead.webp\" alt=\"\">\n               <\/div>\n               <h4 data-aos=\"fade-up\" data-aos-delay=\"50\">8. Kinsale Met<\/h4>\n               <div data-aos=\"fade-up\" data-aos-delay=\"100\"><p>Der aus fermentiertem Honig hergestellte Met ist das \u00e4lteste alkoholische Getr\u00e4nk der Welt und geht auf das Jahr 6.000 v. Chr. zur\u00fcck. Ein Besuch bei Kinsale Mead enth\u00fcllt die uralten Geheimnisse des Getr\u00e4nks bei einer unterhaltsamen und lehrreichen F\u00fchrung durch die Metfabrik. Auf einer einst\u00fcndigen Tour, die mit einer gef\u00fchrten Verkostung von vier Mets im Verkostungsraum der Metfabrik endet, erfahren Sie mehr \u00fcber Honig, den G\u00e4rungs- und Abf\u00fcllungsprozess.<\/p>\n<\/div>\n                                 <a class=\"card-cta\" href=\"https:\/\/www.kinsalemeadco.ie\/\" target=\"_blank\" data-aos=\"fade-up\" data-aos-delay=\"150\">Mehr erforschen <\/a>\n                           <\/div>\n         <\/div>\n               <div class=\"card-grid-block__item\">\n            <div class=\"card-grid-block__item__info\">\n               <div class=\"card-grid-block__image\" data-aos=\"fade-up\">\n                                    <img decoding=\"async\" src=\"https:\/\/www.actonshotelkinsale.com\/wp-content\/uploads\/2022\/04\/Kinale-Food@2x.webp\" alt=\"\">\n               <\/div>\n               <h4 data-aos=\"fade-up\" data-aos-delay=\"50\">9. Food Tours of Kinsale<\/h4>\n               <div data-aos=\"fade-up\" data-aos-delay=\"100\"><p>Entdecken Sie die lokalen K\u00f6stlichkeiten von Cork bei einem angenehmen (und k\u00f6stlichen) Tagesausflug durch Kinsale. Ihr ortskundiger F\u00fchrer gew\u00e4hrt Ihnen einen Blick hinter die Kulissen und stellt Ihnen die Chocolatiers und K\u00f6che, Met-Hersteller und Fischer vor, die dazu beitragen, den weltweiten Ruf der Stadt f\u00fcr exzellente Lebensmittel zu festigen.<\/p>\n<\/div>\n                                 <a class=\"card-cta\" href=\"https:\/\/www.kinsalefoodtours.com\/\" target=\"_blank\" data-aos=\"fade-up\" data-aos-delay=\"150\">Mehr erforschen <\/a>\n                           <\/div>\n         <\/div>\n               <div class=\"card-grid-block__item\">\n            <div class=\"card-grid-block__item__info\">\n               <div class=\"card-grid-block__image\" data-aos=\"fade-up\">\n                                    <img decoding=\"async\" src=\"https:\/\/www.actonshotelkinsale.com\/wp-content\/uploads\/2022\/04\/FootGolf@2x.webp\" alt=\"\">\n               <\/div>\n               <h4 data-aos=\"fade-up\" data-aos-delay=\"50\">10. FootGolf<\/h4>\n               <div data-aos=\"fade-up\" data-aos-delay=\"100\"><p>Warum versuchen Sie nicht Ihr Gl\u00fcck beim FootGolf, einer Mischung aus Golf und Fu\u00dfball? FootGolf Cork ist der einzige speziell gebaute FootGolf-Platz und liegt in der N\u00e4he von Actons am Rande von Kinsale. Der Platz ist ideal f\u00fcr wettkampforientierte Familien und bietet wunderbare Ausblicke auf die K\u00fcste - bringen Sie Geschicklichkeit, Frechheit und Humor mit.<\/p>\n<\/div>\n                                 <a class=\"card-cta\" href=\"https:\/\/www.footgolfcork.com\/\" target=\"_blank\" data-aos=\"fade-up\" data-aos-delay=\"150\">Mehr erforschen <\/a>\n                           <\/div>\n         <\/div>\n               <div class=\"card-grid-block__item\">\n            <div class=\"card-grid-block__item__info\">\n               <div class=\"card-grid-block__image\" data-aos=\"fade-up\">\n                                    <img decoding=\"async\" src=\"https:\/\/www.actonshotelkinsale.com\/wp-content\/uploads\/2022\/04\/Golf@2x.webp\" alt=\"\">\n               <\/div>\n               <h4 data-aos=\"fade-up\" data-aos-delay=\"50\">11. Golf<\/h4>\n               <div data-aos=\"fade-up\" data-aos-delay=\"100\"><p>Mit einem Weltklasse-Links-Course und einem malerischen Waldplatz bietet Kinsale zwei herausfordernde und kontrastreiche Golferlebnisse. Unabh\u00e4ngig von Ihrem Handicap oder Budget verspricht Kinsale unvergessliche Golferlebnisse zu bieten.<\/p>\n<\/div>\n                                 <a class=\"card-cta\" href=\"https:\/\/www.actonshotelkinsale.com\/golf\/\" target=\"\" data-aos=\"fade-up\" data-aos-delay=\"150\">Mehr erforschen<\/a>\n                           <\/div>\n         <\/div>\n               <div class=\"card-grid-block__item\">\n            <div class=\"card-grid-block__item__info\">\n               <div class=\"card-grid-block__image\" data-aos=\"fade-up\">\n                                    <img decoding=\"async\" src=\"https:\/\/www.actonshotelkinsale.com\/wp-content\/uploads\/2022\/04\/Pottery@2x.webp\" alt=\"\">\n               <\/div>\n               <h4 data-aos=\"fade-up\" data-aos-delay=\"50\">12. Kinsale T\u00f6pferei<\/h4>\n               <div data-aos=\"fade-up\" data-aos-delay=\"100\"><p>Das Kinsale Pottery and Arts Centre ist das gr\u00f6\u00dfte privat gef\u00fchrte Kunstzentrum im S\u00fcden Irlands und bietet Kunst- und Handwerkskurse f\u00fcr Erwachsene und Kinder an, darunter T\u00f6pfern, Glasschmelzen und mehr.<\/p>\n<\/div>\n                                 <a class=\"card-cta\" href=\"https:\/\/www.kinsaleceramics.com\/\" target=\"_blank\" data-aos=\"fade-up\" data-aos-delay=\"150\">Mehr erforschen <\/a>\n                           <\/div>\n         <\/div>\n         <\/div>\n<\/div>\n\n\n\n  \n<\/div>","protected":false},"excerpt":{"rendered":"<p> [&#8230;]<\/p>\n<p><a class=\"btn btn-secondary understrap-read-more-link\" href=\"https:\/\/www.actonshotelkinsale.com\/de\/dinge-zu-tun-in-kinsale\/\">Weiterlesen...<\/a><\/p>","protected":false},"author":4,"featured_media":0,"parent":0,"menu_order":0,"comment_status":"closed","ping_status":"closed","template":"","meta":{"_acf_changed":false,"inline_featured_image":false,"footnotes":""},"class_list":["post-1674","page","type-page","status-publish","hentry"],"acf":[],"yoast_head":"<!-- This site is optimized with the Yoast SEO plugin v27.3 - https:\/\/yoast.com\/product\/yoast-seo-wordpress\/ -->\n<title>Things To Do In Kinsale | Actons Hotel Kinsale<\/title>\n<meta name=\"description\" content=\"A medieval town with a maritime heart, Kinsale offers so many things to do. Whet your appetite with these top 12 ideas and start planning your perfect stay.\" \/>\n<meta name=\"robots\" content=\"index, follow, max-snippet:-1, max-image-preview:large, max-video-preview:-1\" \/>\n<link rel=\"canonical\" href=\"https:\/\/www.actonshotelkinsale.com\/de\/dinge-zu-tun-in-kinsale\/\" \/>\n<meta property=\"og:locale\" content=\"de_DE\" \/>\n<meta property=\"og:type\" content=\"article\" \/>\n<meta property=\"og:title\" content=\"Things To Do In Kinsale | Actons Hotel Kinsale\" \/>\n<meta property=\"og:description\" content=\"A medieval town with a maritime heart, Kinsale offers so many things to do. Whet your appetite with these top 12 ideas and start planning your perfect stay.\" \/>\n<meta property=\"og:url\" content=\"https:\/\/www.actonshotelkinsale.com\/de\/dinge-zu-tun-in-kinsale\/\" \/>\n<meta property=\"og:site_name\" content=\"Actons Hotel Kinsale\" \/>\n<meta property=\"article:modified_time\" content=\"2024-04-12T09:05:41+00:00\" \/>\n<meta name=\"twitter:card\" content=\"summary_large_image\" \/>\n<script type=\"application\/ld+json\" class=\"yoast-schema-graph\">{\"@context\":\"https:\\\/\\\/schema.org\",\"@graph\":[{\"@type\":\"WebPage\",\"@id\":\"https:\\\/\\\/www.actonshotelkinsale.com\\\/things-to-do-in-kinsale\\\/\",\"url\":\"https:\\\/\\\/www.actonshotelkinsale.com\\\/things-to-do-in-kinsale\\\/\",\"name\":\"Things To Do In Kinsale | Actons Hotel Kinsale\",\"isPartOf\":{\"@id\":\"https:\\\/\\\/www.actonshotelkinsale.com\\\/#website\"},\"datePublished\":\"2022-06-22T18:31:05+00:00\",\"dateModified\":\"2024-04-12T09:05:41+00:00\",\"description\":\"A medieval town with a maritime heart, Kinsale offers so many things to do. Whet your appetite with these top 12 ideas and start planning your perfect stay.\",\"breadcrumb\":{\"@id\":\"https:\\\/\\\/www.actonshotelkinsale.com\\\/things-to-do-in-kinsale\\\/#breadcrumb\"},\"inLanguage\":\"de-DE\",\"potentialAction\":[{\"@type\":\"ReadAction\",\"target\":[\"https:\\\/\\\/www.actonshotelkinsale.com\\\/things-to-do-in-kinsale\\\/\"]}]},{\"@type\":\"BreadcrumbList\",\"@id\":\"https:\\\/\\\/www.actonshotelkinsale.com\\\/things-to-do-in-kinsale\\\/#breadcrumb\",\"itemListElement\":[{\"@type\":\"ListItem\",\"position\":1,\"name\":\"Home\",\"item\":\"https:\\\/\\\/www.actonshotelkinsale.com\\\/\"},{\"@type\":\"ListItem\",\"position\":2,\"name\":\"Things To Do In Kinsale\"}]},{\"@type\":\"WebSite\",\"@id\":\"https:\\\/\\\/www.actonshotelkinsale.com\\\/#website\",\"url\":\"https:\\\/\\\/www.actonshotelkinsale.com\\\/\",\"name\":\"Actons Hotel Kinsale\",\"description\":\"A kinsale classic since 1946\",\"potentialAction\":[{\"@type\":\"SearchAction\",\"target\":{\"@type\":\"EntryPoint\",\"urlTemplate\":\"https:\\\/\\\/www.actonshotelkinsale.com\\\/?s={search_term_string}\"},\"query-input\":{\"@type\":\"PropertyValueSpecification\",\"valueRequired\":true,\"valueName\":\"search_term_string\"}}],\"inLanguage\":\"de-DE\"}]}<\/script>\n<!-- \/ Yoast SEO plugin. -->","yoast_head_json":{"title":"Things To Do In Kinsale | Actons Hotel Kinsale","description":"A medieval town with a maritime heart, Kinsale offers so many things to do. Whet your appetite with these top 12 ideas and start planning your perfect stay.","robots":{"index":"index","follow":"follow","max-snippet":"max-snippet:-1","max-image-preview":"max-image-preview:large","max-video-preview":"max-video-preview:-1"},"canonical":"https:\/\/www.actonshotelkinsale.com\/de\/dinge-zu-tun-in-kinsale\/","og_locale":"de_DE","og_type":"article","og_title":"Things To Do In Kinsale | Actons Hotel Kinsale","og_description":"A medieval town with a maritime heart, Kinsale offers so many things to do. Whet your appetite with these top 12 ideas and start planning your perfect stay.","og_url":"https:\/\/www.actonshotelkinsale.com\/de\/dinge-zu-tun-in-kinsale\/","og_site_name":"Actons Hotel Kinsale","article_modified_time":"2024-04-12T09:05:41+00:00","twitter_card":"summary_large_image","schema":{"@context":"https:\/\/schema.org","@graph":[{"@type":"WebPage","@id":"https:\/\/www.actonshotelkinsale.com\/things-to-do-in-kinsale\/","url":"https:\/\/www.actonshotelkinsale.com\/things-to-do-in-kinsale\/","name":"Things To Do In Kinsale | Actons Hotel Kinsale","isPartOf":{"@id":"https:\/\/www.actonshotelkinsale.com\/#website"},"datePublished":"2022-06-22T18:31:05+00:00","dateModified":"2024-04-12T09:05:41+00:00","description":"A medieval town with a maritime heart, Kinsale offers so many things to do. Whet your appetite with these top 12 ideas and start planning your perfect stay.","breadcrumb":{"@id":"https:\/\/www.actonshotelkinsale.com\/things-to-do-in-kinsale\/#breadcrumb"},"inLanguage":"de-DE","potentialAction":[{"@type":"ReadAction","target":["https:\/\/www.actonshotelkinsale.com\/things-to-do-in-kinsale\/"]}]},{"@type":"BreadcrumbList","@id":"https:\/\/www.actonshotelkinsale.com\/things-to-do-in-kinsale\/#breadcrumb","itemListElement":[{"@type":"ListItem","position":1,"name":"Home","item":"https:\/\/www.actonshotelkinsale.com\/"},{"@type":"ListItem","position":2,"name":"Things To Do In Kinsale"}]},{"@type":"WebSite","@id":"https:\/\/www.actonshotelkinsale.com\/#website","url":"https:\/\/www.actonshotelkinsale.com\/","name":"Actons Hotel Kinsale","description":"A kinsale classic since 1946","potentialAction":[{"@type":"SearchAction","target":{"@type":"EntryPoint","urlTemplate":"https:\/\/www.actonshotelkinsale.com\/?s={search_term_string}"},"query-input":{"@type":"PropertyValueSpecification","valueRequired":true,"valueName":"search_term_string"}}],"inLanguage":"de-DE"}]}},"_links":{"self":[{"href":"https:\/\/www.actonshotelkinsale.com\/de\/wp-json\/wp\/v2\/pages\/1674","targetHints":{"allow":["GET"]}}],"collection":[{"href":"https:\/\/www.actonshotelkinsale.com\/de\/wp-json\/wp\/v2\/pages"}],"about":[{"href":"https:\/\/www.actonshotelkinsale.com\/de\/wp-json\/wp\/v2\/types\/page"}],"author":[{"embeddable":true,"href":"https:\/\/www.actonshotelkinsale.com\/de\/wp-json\/wp\/v2\/users\/4"}],"replies":[{"embeddable":true,"href":"https:\/\/www.actonshotelkinsale.com\/de\/wp-json\/wp\/v2\/comments?post=1674"}],"version-history":[{"count":0,"href":"https:\/\/www.actonshotelkinsale.com\/de\/wp-json\/wp\/v2\/pages\/1674\/revisions"}],"wp:attachment":[{"href":"https:\/\/www.actonshotelkinsale.com\/de\/wp-json\/wp\/v2\/media?parent=1674"}],"curies":[{"name":"wp","href":"https:\/\/api.w.org\/{rel}","templated":true}]}}