{"id":1655,"date":"2022-06-22T17:38:56","date_gmt":"2022-06-22T17:38:56","guid":{"rendered":"https:\/\/actons.local\/?page_id=1655"},"modified":"2024-01-31T15:09:17","modified_gmt":"2024-01-31T15:09:17","slug":"terms-conditions","status":"publish","type":"page","link":"https:\/\/www.actonshotelkinsale.com\/de\/terms-conditions\/","title":{"rendered":"Bedingungen und Konditionen"},"content":{"rendered":"<div id=\"block_a05de5dae721ed9fb0337c464cb48e18\" class=\"content-block hero-image-header-block\">\n             \n  \n  <div class=\"hero-image-header-block__bgImage bgImage-fullwidth\" style=\"background: url(https:\/\/www.actonshotelkinsale.com\/wp-content\/uploads\/2022\/06\/Kinsale-Section4-scaled.jpg) center center \/ cover no-repeat;\"><\/div>\n\n\n  \n<\/div>\n\n\n\n\n\n<div id=\"block_dd62d2a0f03ec2de466537a5dafc5d70\" class=\"content-block single-column-block spacing-top spacing-bottom-none\">\n             \n  \n  \n<div class=\"single-column-block__column col-lg-6\" data-aos=\"fade-up\">\n  <h3 class=\"fs-4\" style=\"text-align: center;\">Actons Hotel Kinsale<\/h3>\n<h1 class=\"fs-2 fs-1\" style=\"text-align: center;\">Bedingungen und Konditionen<\/h1>\n\n<\/div>\n\n\n  \n<\/div>\n\n\n\n\n\n<div id=\"block_b37ed1207ab5b6f54286712efc4b9701\" class=\"content-block single-column-block spacing-top-sm spacing-bottom\">\n             \n  \n  \n<div class=\"single-column-block__column col-lg-6\" data-aos=\"fade-up\">\n  <p style=\"text-align: center;\"><strong>Bester Preis und exklusive Tarife auf unserer Website.<\/strong><br \/>\nWir garantieren Ihnen, dass Sie auf keiner anderen Website niedrigere Preise finden werden.<br \/>\nVerf\u00fcgbarkeit in Echtzeit. F\u00fcr alle Zimmer und sofortige Buchungsbest\u00e4tigung.<br \/>\nSicherheit bei Ihrer Transaktion. Wir folgen den h\u00f6chsten Standards des Sicherheitsprotokolls.<\/p>\n<p style=\"text-align: center;\"><strong>Datenschutzbestimmungen.<\/strong><br \/>\nDer Schutz Ihrer pers\u00f6nlichen Daten ist uns wichtig.<\/p>\n<p style=\"text-align: center;\"><strong>Buchungsbest\u00e4tigung per E-Mail \/ SMS.<\/strong><br \/>\nSie erhalten eine E-Mail-Best\u00e4tigung mit der Reservierung und k\u00f6nnen auf Wunsch auch eine Best\u00e4tigung per SMS anfordern.<\/p>\n<p style=\"text-align: center;\"><strong>Stornierung der Buchung.<\/strong><br \/>\nFor all Suite reservations, we require a 7 day cancellation notice. For Guest Bedroom reservations up to and including 3 nights, we will require at least 72hrs cancellation notice but only when you book direct. Long length reservations: 4 nights or more, we require at least 7 days\u2019 notice if cancelling or amending your booking. Otherwise, full charges for accommodation will apply and will be deducted from the credit card number supplied to guarantee your booking. In the event that you have to cancel your reservation, you will need your reference number, as well as the email address used to cancel the reservation. You are advised to keep a copy of your cancellation email to confirm the booking has been cancelled.<\/p>\n<p style=\"text-align: center;\">Bei Nichterscheinen wird eine Stornierungsgeb\u00fchr von 100% erhoben.<\/p>\n<p style=\"text-align: center;\">Wenn Sie Ihre Buchung \u00fcber eine Website eines Drittanbieters (Booking.com, Expedia usw.) oder ein Online-Reiseb\u00fcro vorgenommen haben, m\u00fcssen Sie sich direkt mit diesem Unternehmen in Verbindung setzen, da unser Reservierungsteam nicht befugt ist, Buchungen \u00fcber Websites von Drittanbietern zu stornieren, zu erg\u00e4nzen oder zu \u00e4ndern<\/p>\n<p style=\"text-align: center;\"><strong>\u00c4nderung der Buchung.<\/strong><br \/>\nWenn Sie Ihre Daten oder andere Details Ihrer Reservierung \u00e4ndern m\u00f6chten, kontaktieren Sie uns bitte res@actonshotelkinsale.com<\/p>\n\n<\/div>\n\n\n  \n<\/div>","protected":false},"excerpt":{"rendered":"<p> [&#8230;]<\/p>\n<p><a class=\"btn btn-secondary understrap-read-more-link\" href=\"https:\/\/www.actonshotelkinsale.com\/de\/terms-conditions\/\">Weiterlesen...<\/a><\/p>","protected":false},"author":4,"featured_media":0,"parent":0,"menu_order":0,"comment_status":"closed","ping_status":"closed","template":"","meta":{"_acf_changed":false,"inline_featured_image":false,"footnotes":""},"class_list":["post-1655","page","type-page","status-publish","hentry"],"acf":[],"yoast_head":"<!-- This site is optimized with the Yoast SEO plugin v27.5 - https:\/\/yoast.com\/product\/yoast-seo-wordpress\/ -->\n<title>Terms &amp; Conditions | Actons Hotel Kinsale | Best Rate On Official Site<\/title>\n<meta name=\"description\" content=\"Terms &amp; Conditions for Actons Hotel Kinsale, Co. Cork. We guarantee you will not find lower prices on any other website. Read More.\" \/>\n<meta name=\"robots\" content=\"index, follow, max-snippet:-1, max-image-preview:large, max-video-preview:-1\" \/>\n<link rel=\"canonical\" href=\"https:\/\/www.actonshotelkinsale.com\/de\/terms-conditions\/\" \/>\n<meta property=\"og:locale\" content=\"de_DE\" \/>\n<meta property=\"og:type\" content=\"article\" \/>\n<meta property=\"og:title\" content=\"Terms &amp; Conditions | Actons Hotel Kinsale | Best Rate On Official Site\" \/>\n<meta property=\"og:description\" content=\"Terms &amp; Conditions for Actons Hotel Kinsale, Co. Cork. We guarantee you will not find lower prices on any other website. Read More.\" \/>\n<meta property=\"og:url\" content=\"https:\/\/www.actonshotelkinsale.com\/de\/terms-conditions\/\" \/>\n<meta property=\"og:site_name\" content=\"Actons Hotel Kinsale\" \/>\n<meta property=\"article:modified_time\" content=\"2024-01-31T15:09:17+00:00\" \/>\n<meta name=\"twitter:card\" content=\"summary_large_image\" \/>\n<script type=\"application\/ld+json\" class=\"yoast-schema-graph\">{\"@context\":\"https:\\\/\\\/schema.org\",\"@graph\":[{\"@type\":\"WebPage\",\"@id\":\"https:\\\/\\\/www.actonshotelkinsale.com\\\/terms-conditions\\\/\",\"url\":\"https:\\\/\\\/www.actonshotelkinsale.com\\\/terms-conditions\\\/\",\"name\":\"Terms & Conditions | Actons Hotel Kinsale | Best Rate On Official Site\",\"isPartOf\":{\"@id\":\"https:\\\/\\\/www.actonshotelkinsale.com\\\/#website\"},\"datePublished\":\"2022-06-22T17:38:56+00:00\",\"dateModified\":\"2024-01-31T15:09:17+00:00\",\"description\":\"Terms & Conditions for Actons Hotel Kinsale, Co. Cork. We guarantee you will not find lower prices on any other website. Read More.\",\"breadcrumb\":{\"@id\":\"https:\\\/\\\/www.actonshotelkinsale.com\\\/terms-conditions\\\/#breadcrumb\"},\"inLanguage\":\"de-DE\",\"potentialAction\":[{\"@type\":\"ReadAction\",\"target\":[\"https:\\\/\\\/www.actonshotelkinsale.com\\\/terms-conditions\\\/\"]}]},{\"@type\":\"BreadcrumbList\",\"@id\":\"https:\\\/\\\/www.actonshotelkinsale.com\\\/terms-conditions\\\/#breadcrumb\",\"itemListElement\":[{\"@type\":\"ListItem\",\"position\":1,\"name\":\"Home\",\"item\":\"https:\\\/\\\/www.actonshotelkinsale.com\\\/\"},{\"@type\":\"ListItem\",\"position\":2,\"name\":\"Terms &#038; Conditions\"}]},{\"@type\":\"WebSite\",\"@id\":\"https:\\\/\\\/www.actonshotelkinsale.com\\\/#website\",\"url\":\"https:\\\/\\\/www.actonshotelkinsale.com\\\/\",\"name\":\"Actons Hotel Kinsale\",\"description\":\"A kinsale classic since 1946\",\"potentialAction\":[{\"@type\":\"SearchAction\",\"target\":{\"@type\":\"EntryPoint\",\"urlTemplate\":\"https:\\\/\\\/www.actonshotelkinsale.com\\\/?s={search_term_string}\"},\"query-input\":{\"@type\":\"PropertyValueSpecification\",\"valueRequired\":true,\"valueName\":\"search_term_string\"}}],\"inLanguage\":\"de-DE\"}]}<\/script>\n<!-- \/ Yoast SEO plugin. -->","yoast_head_json":{"title":"Terms & Conditions | Actons Hotel Kinsale | Best Rate On Official Site","description":"Terms & Conditions for Actons Hotel Kinsale, Co. Cork. We guarantee you will not find lower prices on any other website. Read More.","robots":{"index":"index","follow":"follow","max-snippet":"max-snippet:-1","max-image-preview":"max-image-preview:large","max-video-preview":"max-video-preview:-1"},"canonical":"https:\/\/www.actonshotelkinsale.com\/de\/terms-conditions\/","og_locale":"de_DE","og_type":"article","og_title":"Terms & Conditions | Actons Hotel Kinsale | Best Rate On Official Site","og_description":"Terms & Conditions for Actons Hotel Kinsale, Co. Cork. We guarantee you will not find lower prices on any other website. Read More.","og_url":"https:\/\/www.actonshotelkinsale.com\/de\/terms-conditions\/","og_site_name":"Actons Hotel Kinsale","article_modified_time":"2024-01-31T15:09:17+00:00","twitter_card":"summary_large_image","schema":{"@context":"https:\/\/schema.org","@graph":[{"@type":"WebPage","@id":"https:\/\/www.actonshotelkinsale.com\/terms-conditions\/","url":"https:\/\/www.actonshotelkinsale.com\/terms-conditions\/","name":"Terms & Conditions | Actons Hotel Kinsale | Best Rate On Official Site","isPartOf":{"@id":"https:\/\/www.actonshotelkinsale.com\/#website"},"datePublished":"2022-06-22T17:38:56+00:00","dateModified":"2024-01-31T15:09:17+00:00","description":"Terms & Conditions for Actons Hotel Kinsale, Co. Cork. We guarantee you will not find lower prices on any other website. Read More.","breadcrumb":{"@id":"https:\/\/www.actonshotelkinsale.com\/terms-conditions\/#breadcrumb"},"inLanguage":"de-DE","potentialAction":[{"@type":"ReadAction","target":["https:\/\/www.actonshotelkinsale.com\/terms-conditions\/"]}]},{"@type":"BreadcrumbList","@id":"https:\/\/www.actonshotelkinsale.com\/terms-conditions\/#breadcrumb","itemListElement":[{"@type":"ListItem","position":1,"name":"Home","item":"https:\/\/www.actonshotelkinsale.com\/"},{"@type":"ListItem","position":2,"name":"Terms &#038; Conditions"}]},{"@type":"WebSite","@id":"https:\/\/www.actonshotelkinsale.com\/#website","url":"https:\/\/www.actonshotelkinsale.com\/","name":"Actons Hotel Kinsale","description":"A kinsale classic since 1946","potentialAction":[{"@type":"SearchAction","target":{"@type":"EntryPoint","urlTemplate":"https:\/\/www.actonshotelkinsale.com\/?s={search_term_string}"},"query-input":{"@type":"PropertyValueSpecification","valueRequired":true,"valueName":"search_term_string"}}],"inLanguage":"de-DE"}]}},"_links":{"self":[{"href":"https:\/\/www.actonshotelkinsale.com\/de\/wp-json\/wp\/v2\/pages\/1655","targetHints":{"allow":["GET"]}}],"collection":[{"href":"https:\/\/www.actonshotelkinsale.com\/de\/wp-json\/wp\/v2\/pages"}],"about":[{"href":"https:\/\/www.actonshotelkinsale.com\/de\/wp-json\/wp\/v2\/types\/page"}],"author":[{"embeddable":true,"href":"https:\/\/www.actonshotelkinsale.com\/de\/wp-json\/wp\/v2\/users\/4"}],"replies":[{"embeddable":true,"href":"https:\/\/www.actonshotelkinsale.com\/de\/wp-json\/wp\/v2\/comments?post=1655"}],"version-history":[{"count":0,"href":"https:\/\/www.actonshotelkinsale.com\/de\/wp-json\/wp\/v2\/pages\/1655\/revisions"}],"wp:attachment":[{"href":"https:\/\/www.actonshotelkinsale.com\/de\/wp-json\/wp\/v2\/media?parent=1655"}],"curies":[{"name":"wp","href":"https:\/\/api.w.org\/{rel}","templated":true}]}}