{"id":1627,"date":"2022-06-22T17:02:51","date_gmt":"2022-06-22T17:02:51","guid":{"rendered":"https:\/\/actons.local\/?page_id=1627"},"modified":"2024-04-12T08:20:26","modified_gmt":"2024-04-12T08:20:26","slug":"fisher-street-restaurant","status":"publish","type":"page","link":"https:\/\/www.actonshotelkinsale.com\/de\/dining\/restaurant-in-der-fischerstrase\/","title":{"rendered":"Restaurant Fisher Street"},"content":{"rendered":"<div id=\"block_62b347f234de0\" class=\"content-block hero-image-header-block\">\n             \n  \n  <div class=\"hero-image-header-block__bgImage\" style=\"background: url(https:\/\/www.actonshotelkinsale.com\/wp-content\/uploads\/2022\/06\/Fisher-Street-Restaurant-Hero-scaled.jpg) center center \/ cover no-repeat;\"><\/div>\n  <div class=\"hero-image-header-block__overlay\"><\/div>\n  <div class=\"hero-image-header-block__text col-lg-8\" data-aos=\"fade-up\"><h3 class=\"fs-4\">Essen<\/h3>\n<h1 class=\"fs-1\">Restaurant Fisher Street<\/h1>\n<\/div>\n\n\n  \n<\/div>\n\n\n\n\n\n<div id=\"block_62b3487134de2\" class=\"content-block two-column-image-block spacing-top spacing-bottom-md\">\n             \n  \n\n<div class=\"row align-items-center flex-row\">\n    <div class=\"col-lg-6 offset-lg-1 two-column-image-block__image\" data-aos=\"fade-down\" data-aos-delay=\"400\">\n                    <div class=\"img-wrapper\"><img decoding=\"async\" src=\"https:\/\/www.actonshotelkinsale.com\/wp-content\/uploads\/2022\/06\/Breakfast@2x.jpg\" alt=\"\" title=\"Fr\u00fchst\u00fcck@2x\"><\/div>\n            <\/div>\n\n    <div class=\"col-lg-4 offset-lg-1 two-column-image-block__text spacing-mobile\" data-aos=\"fade-up\">\n        <p>Beginnen Sie Ihren Tag gut gelaunt mit dem besten Fr\u00fchst\u00fcck in Kinsale. In unserem Restaurant in der Fisher Street finden Sie einen ger\u00e4umigen und gem\u00fctlichen Speisesaal, der von Tageslicht durchflutet ist. Nur einen Katzensprung vom Hafen von Kinsale entfernt k\u00f6nnen Sie einen Morgenspaziergang machen, bevor Sie sich an unserem ber\u00fchmten Fr\u00fchst\u00fcck laben. W\u00e4hlen Sie aus einer kontinentalen Auswahl an Wurstwaren, irischem K\u00e4se aus der Region, Joghurt, Fr\u00fchst\u00fccksgeb\u00e4ck, M\u00fcsli und Obst oder entscheiden Sie sich f\u00fcr ein Fr\u00fchst\u00fcck \u00e0 la carte, das auf Bestellung zubereitet wird. F\u00fcr unser \"Full Irish\" werden die besten Produkte aus der Region verwendet, w\u00e4hrend unsere luxuri\u00f6sen Eggs Benedict oder fluffigen Pfannkuchen zu den Klassikern von Actons geh\u00f6ren, die alle mit hervorragendem Kaffee, Tee und S\u00e4ften serviert werden.<\/p>\n<p>Das Fr\u00fchst\u00fcck wird t\u00e4glich von serviert:<br \/>\nMontag bis Freitag zwischen 7:30 Uhr und 10:30 Uhr<br \/>\nSamstags, sonntags und an Feiertagen zwischen 8 Uhr und 11 Uhr<\/p>\n\n    <\/div>\n<\/div>\n\n\n\n  \n<\/div>\n\n\n\n\n\n<div id=\"block_62b3496334de8\" class=\"content-block two-column-image-block spacing-top-md spacing-bottom\">\n             \n  \n\n<div class=\"row align-items-center flex-row-reverse\">\n    <div class=\"col-lg-6 offset-lg-1 two-column-image-block__image\" data-aos=\"fade-down\" data-aos-delay=\"400\">\n                    <div class=\"img-wrapper\"><img decoding=\"async\" src=\"https:\/\/www.actonshotelkinsale.com\/wp-content\/uploads\/2022\/06\/Private-Events-in-Fisher-Street@2x-scaled.jpg\" alt=\"\" title=\"Private Veranstaltungen in der Fisher Street@2x\"><\/div>\n            <\/div>\n\n    <div class=\"col-lg-4 offset-lg-1 two-column-image-block__text spacing-mobile\" data-aos=\"fade-up\">\n        <h2 class=\"fs-2\">Private Veranstaltungen<\/h2>\n<p>Im Actons' Hotel sind wir Experten darin, gro\u00dfartige Partys zu veranstalten. W\u00e4hlen Sie das Fisher Street Restaurant f\u00fcr Ihre n\u00e4chste private Veranstaltung und wir bringen unsere typische Gastfreundschaft zu Ihrem besonderen Anlass. In Zusammenarbeit mit unserem Chefkoch und Eventmanager stellen wir ein k\u00f6stliches Men\u00fc speziell f\u00fcr Sie zusammen. Das ger\u00e4umige und stilvolle Fisher Street l\u00e4sst sich nahtlos unterteilen, um gr\u00f6\u00dfere oder intimere Gruppen unterzubringen. Ganz gleich, ob Sie ein Festessen, eine Arbeitsveranstaltung oder ein geselliges Beisammensein planen, wir sorgen daf\u00fcr, dass es ein unvergessliches Ereignis wird. Sie laden die G\u00e4ste ein und \u00fcberlassen den Rest uns!<\/p>\n<p>Um Ihre private Veranstaltung zu buchen, kontaktieren Sie uns bitte unter +353 (0) 21 477 99 00 oder unter ieaton@actonshotelkinsale.com.<\/p>\n\n    <\/div>\n<\/div>\n\n\n\n  \n<\/div>","protected":false},"excerpt":{"rendered":"<p> [&#8230;]<\/p>\n<p><a class=\"btn btn-secondary understrap-read-more-link\" href=\"https:\/\/www.actonshotelkinsale.com\/de\/dining\/restaurant-in-der-fischerstrase\/\">Weiterlesen...<\/a><\/p>","protected":false},"author":4,"featured_media":0,"parent":1606,"menu_order":0,"comment_status":"closed","ping_status":"closed","template":"","meta":{"_acf_changed":false,"inline_featured_image":false,"footnotes":""},"class_list":["post-1627","page","type-page","status-publish","hentry"],"acf":[],"yoast_head":"<!-- This site is optimized with the Yoast SEO plugin v27.5 - https:\/\/yoast.com\/product\/yoast-seo-wordpress\/ -->\n<title>Fisher Street Restaurant In Kinsale | Breakfast In Kinsale | Actons<\/title>\n<meta name=\"description\" content=\"Start your day in a great mood with the best breakfast in Kinsale Served in our Fisher Street restaurant or host your special occasion in our stylish venue.\" \/>\n<meta name=\"robots\" content=\"index, follow, max-snippet:-1, max-image-preview:large, max-video-preview:-1\" \/>\n<link rel=\"canonical\" href=\"https:\/\/www.actonshotelkinsale.com\/de\/dining\/restaurant-in-der-fischerstrase\/\" \/>\n<meta property=\"og:locale\" content=\"de_DE\" \/>\n<meta property=\"og:type\" content=\"article\" \/>\n<meta property=\"og:title\" content=\"Fisher Street Restaurant In Kinsale | Breakfast In Kinsale | Actons\" \/>\n<meta property=\"og:description\" content=\"Start your day in a great mood with the best breakfast in Kinsale Served in our Fisher Street restaurant or host your special occasion in our stylish venue.\" \/>\n<meta property=\"og:url\" content=\"https:\/\/www.actonshotelkinsale.com\/de\/dining\/restaurant-in-der-fischerstrase\/\" \/>\n<meta property=\"og:site_name\" content=\"Actons Hotel Kinsale\" \/>\n<meta property=\"article:modified_time\" content=\"2024-04-12T08:20:26+00:00\" \/>\n<meta name=\"twitter:card\" content=\"summary_large_image\" \/>\n<script type=\"application\/ld+json\" class=\"yoast-schema-graph\">{\"@context\":\"https:\\\/\\\/schema.org\",\"@graph\":[{\"@type\":\"WebPage\",\"@id\":\"https:\\\/\\\/www.actonshotelkinsale.com\\\/dining\\\/fisher-street-restaurant\\\/\",\"url\":\"https:\\\/\\\/www.actonshotelkinsale.com\\\/dining\\\/fisher-street-restaurant\\\/\",\"name\":\"Fisher Street Restaurant In Kinsale | Breakfast In Kinsale | Actons\",\"isPartOf\":{\"@id\":\"https:\\\/\\\/www.actonshotelkinsale.com\\\/#website\"},\"datePublished\":\"2022-06-22T17:02:51+00:00\",\"dateModified\":\"2024-04-12T08:20:26+00:00\",\"description\":\"Start your day in a great mood with the best breakfast in Kinsale Served in our Fisher Street restaurant or host your special occasion in our stylish venue.\",\"breadcrumb\":{\"@id\":\"https:\\\/\\\/www.actonshotelkinsale.com\\\/dining\\\/fisher-street-restaurant\\\/#breadcrumb\"},\"inLanguage\":\"de-DE\",\"potentialAction\":[{\"@type\":\"ReadAction\",\"target\":[\"https:\\\/\\\/www.actonshotelkinsale.com\\\/dining\\\/fisher-street-restaurant\\\/\"]}]},{\"@type\":\"BreadcrumbList\",\"@id\":\"https:\\\/\\\/www.actonshotelkinsale.com\\\/dining\\\/fisher-street-restaurant\\\/#breadcrumb\",\"itemListElement\":[{\"@type\":\"ListItem\",\"position\":1,\"name\":\"Home\",\"item\":\"https:\\\/\\\/www.actonshotelkinsale.com\\\/\"},{\"@type\":\"ListItem\",\"position\":2,\"name\":\"Dining\",\"item\":\"https:\\\/\\\/www.actonshotelkinsale.com\\\/dining\\\/\"},{\"@type\":\"ListItem\",\"position\":3,\"name\":\"Fisher Street Restaurant\"}]},{\"@type\":\"WebSite\",\"@id\":\"https:\\\/\\\/www.actonshotelkinsale.com\\\/#website\",\"url\":\"https:\\\/\\\/www.actonshotelkinsale.com\\\/\",\"name\":\"Actons Hotel Kinsale\",\"description\":\"A kinsale classic since 1946\",\"potentialAction\":[{\"@type\":\"SearchAction\",\"target\":{\"@type\":\"EntryPoint\",\"urlTemplate\":\"https:\\\/\\\/www.actonshotelkinsale.com\\\/?s={search_term_string}\"},\"query-input\":{\"@type\":\"PropertyValueSpecification\",\"valueRequired\":true,\"valueName\":\"search_term_string\"}}],\"inLanguage\":\"de-DE\"}]}<\/script>\n<!-- \/ Yoast SEO plugin. -->","yoast_head_json":{"title":"Fisher Street Restaurant In Kinsale | Breakfast In Kinsale | Actons","description":"Start your day in a great mood with the best breakfast in Kinsale Served in our Fisher Street restaurant or host your special occasion in our stylish venue.","robots":{"index":"index","follow":"follow","max-snippet":"max-snippet:-1","max-image-preview":"max-image-preview:large","max-video-preview":"max-video-preview:-1"},"canonical":"https:\/\/www.actonshotelkinsale.com\/de\/dining\/restaurant-in-der-fischerstrase\/","og_locale":"de_DE","og_type":"article","og_title":"Fisher Street Restaurant In Kinsale | Breakfast In Kinsale | Actons","og_description":"Start your day in a great mood with the best breakfast in Kinsale Served in our Fisher Street restaurant or host your special occasion in our stylish venue.","og_url":"https:\/\/www.actonshotelkinsale.com\/de\/dining\/restaurant-in-der-fischerstrase\/","og_site_name":"Actons Hotel Kinsale","article_modified_time":"2024-04-12T08:20:26+00:00","twitter_card":"summary_large_image","schema":{"@context":"https:\/\/schema.org","@graph":[{"@type":"WebPage","@id":"https:\/\/www.actonshotelkinsale.com\/dining\/fisher-street-restaurant\/","url":"https:\/\/www.actonshotelkinsale.com\/dining\/fisher-street-restaurant\/","name":"Fisher Street Restaurant In Kinsale | Breakfast In Kinsale | Actons","isPartOf":{"@id":"https:\/\/www.actonshotelkinsale.com\/#website"},"datePublished":"2022-06-22T17:02:51+00:00","dateModified":"2024-04-12T08:20:26+00:00","description":"Start your day in a great mood with the best breakfast in Kinsale Served in our Fisher Street restaurant or host your special occasion in our stylish venue.","breadcrumb":{"@id":"https:\/\/www.actonshotelkinsale.com\/dining\/fisher-street-restaurant\/#breadcrumb"},"inLanguage":"de-DE","potentialAction":[{"@type":"ReadAction","target":["https:\/\/www.actonshotelkinsale.com\/dining\/fisher-street-restaurant\/"]}]},{"@type":"BreadcrumbList","@id":"https:\/\/www.actonshotelkinsale.com\/dining\/fisher-street-restaurant\/#breadcrumb","itemListElement":[{"@type":"ListItem","position":1,"name":"Home","item":"https:\/\/www.actonshotelkinsale.com\/"},{"@type":"ListItem","position":2,"name":"Dining","item":"https:\/\/www.actonshotelkinsale.com\/dining\/"},{"@type":"ListItem","position":3,"name":"Fisher Street Restaurant"}]},{"@type":"WebSite","@id":"https:\/\/www.actonshotelkinsale.com\/#website","url":"https:\/\/www.actonshotelkinsale.com\/","name":"Actons Hotel Kinsale","description":"A kinsale classic since 1946","potentialAction":[{"@type":"SearchAction","target":{"@type":"EntryPoint","urlTemplate":"https:\/\/www.actonshotelkinsale.com\/?s={search_term_string}"},"query-input":{"@type":"PropertyValueSpecification","valueRequired":true,"valueName":"search_term_string"}}],"inLanguage":"de-DE"}]}},"_links":{"self":[{"href":"https:\/\/www.actonshotelkinsale.com\/de\/wp-json\/wp\/v2\/pages\/1627","targetHints":{"allow":["GET"]}}],"collection":[{"href":"https:\/\/www.actonshotelkinsale.com\/de\/wp-json\/wp\/v2\/pages"}],"about":[{"href":"https:\/\/www.actonshotelkinsale.com\/de\/wp-json\/wp\/v2\/types\/page"}],"author":[{"embeddable":true,"href":"https:\/\/www.actonshotelkinsale.com\/de\/wp-json\/wp\/v2\/users\/4"}],"replies":[{"embeddable":true,"href":"https:\/\/www.actonshotelkinsale.com\/de\/wp-json\/wp\/v2\/comments?post=1627"}],"version-history":[{"count":0,"href":"https:\/\/www.actonshotelkinsale.com\/de\/wp-json\/wp\/v2\/pages\/1627\/revisions"}],"up":[{"embeddable":true,"href":"https:\/\/www.actonshotelkinsale.com\/de\/wp-json\/wp\/v2\/pages\/1606"}],"wp:attachment":[{"href":"https:\/\/www.actonshotelkinsale.com\/de\/wp-json\/wp\/v2\/media?parent=1627"}],"curies":[{"name":"wp","href":"https:\/\/api.w.org\/{rel}","templated":true}]}}