{"id":1613,"date":"2022-06-22T16:49:59","date_gmt":"2022-06-22T16:49:59","guid":{"rendered":"https:\/\/actons.local\/?page_id=1613"},"modified":"2026-03-04T11:24:44","modified_gmt":"2026-03-04T11:24:44","slug":"sidneys-bar-and-garden-lounge","status":"publish","type":"page","link":"https:\/\/www.actonshotelkinsale.com\/de\/dining\/sidneys-bar-and-garden-lounge\/","title":{"rendered":"Sidney's Bar und Garten-Lounge"},"content":{"rendered":"<div id=\"block_efa4fdc5a385b3b115627141a06f9b4d\" class=\"content-block hero-image-header-block\">\n             \n  \n  <div class=\"hero-image-header-block__bgImage\" style=\"background: url(https:\/\/www.actonshotelkinsale.com\/wp-content\/uploads\/2022\/06\/Sidneys-Bar-and-Garden-Lounge-Hero@2x.jpg) center center \/ cover no-repeat;\"><\/div>\n  <div class=\"hero-image-header-block__overlay\"><\/div>\n  <div class=\"hero-image-header-block__text col-lg-8\" data-aos=\"fade-up\"><h3 class=\"fs-4\">Essen<\/h3>\n<h1 class=\"fs-1\">Sidney's Bar und Garten-Lounge<\/h1>\n<\/div>\n\n\n  \n<\/div>\n\n\n\n\n\n<div id=\"block_62febe7ac85279054f4c1c0fd7772a73\" class=\"content-block single-column-block spacing-top spacing-bottom-none\">\n             \n  \n  \n<div class=\"single-column-block__column col-lg-6\" data-aos=\"fade-up\">\n  <h3 class=\"fs-4\" style=\"text-align: center;\">willkommen in sidney's bar und garden lounge<\/h3>\n<p style=\"text-align: center;\">A casual, all-day dining destination, Sidney\u2019s Bar and Garden serves up great food and drinks with a side order of exceptional service. Named after Actons\u2019 original owner, the light-flooded bar and private garden is comfortable, chilled-out and perfect for informal dining and drinks.<\/p>\n\n<\/div>\n\n\n  \n<\/div>\n\n\n\n\n\n<div id=\"block_4144ebb43eec24888fdd1c8ad447924f\" class=\"content-block two-column-image-block spacing-top spacing-bottom\">\n             \n  \n\n<div class=\"row align-items-center flex-row\">\n    <div class=\"col-lg-6 offset-lg-1 two-column-image-block__image\" data-aos=\"fade-down\" data-aos-delay=\"400\">\n                    <div class=\"img-wrapper\"><img decoding=\"async\" src=\"https:\/\/www.actonshotelkinsale.com\/wp-content\/uploads\/2022\/06\/Sidneys-Lounge@2x.jpg\" alt=\"\" title=\"Sidneys Lounge@2x\"><\/div>\n            <\/div>\n\n    <div class=\"col-lg-4 offset-lg-1 two-column-image-block__text spacing-mobile\" data-aos=\"fade-up\">\n        <p>Wir servieren k\u00f6stliche Meeresfr\u00fcchte aus der Region und hochwertiges irisches Rindfleisch, Suppe, Sandwiches und Salate - unsere umfangreiche Speisekarte ist vollgepackt mit beliebten Gerichten. Besuchen Sie uns f\u00fcr ein leichtes Mittagessen, einen Nachmittagssnack oder ein dreig\u00e4ngiges Abendessen.<\/p>\n<p>L\u00f6schen Sie Ihren Durst mit einem k\u00fchlen Craft Beer, einer Spirituose oder einem Irish Coffee. Wir k\u00f6nnen keine Versprechungen bez\u00fcglich des Wetters machen, aber wir garantieren, dass unsere herrliche Garden Lounge der sch\u00f6nste Platz im Freien in Kinsale ist. Sidney's Bar and Garden bietet Cocktails, Biere vom Fass und eine gro\u00dfe Auswahl an Weinen, Sprudel und Spirituosen und ist der perfekte Ort, um in guter Gesellschaft ein Glas zu trinken.<\/p>\n<p><a class=\"custom-btn inline primary-outline\" href=\"https:\/\/www.actonshotelkinsale.com\/wp-content\/uploads\/2025\/11\/Actons-Menu-May-2025.pdf\">Explore Our Sample Menu<\/a><\/p>\n<p>&nbsp;<\/p>\n\n    <\/div>\n<\/div>\n\n\n\n  \n<\/div>\n\n\n\n\n\n<div id=\"block_4600877a8c04dbdf442702b91d0a92e5\" class=\"content-block call-to-action-block spacing-top-none spacing-bottom-none\">\n             \n  \n<div class=\"call-to-action-block__wrapper\">\n   <div id=\"call-to-action-block_4600877a8c04dbdf442702b91d0a92e5\" class=\"call-to-action-block__carousel\">\n               <div class=\"call-to-action-block__bgImage\" style=\"background: url(https:\/\/www.actonshotelkinsale.com\/wp-content\/uploads\/2026\/03\/Sidneys-Lounge-Laia-new.jpg) center center \/ cover no-repeat;\"><\/div>\n               <div class=\"call-to-action-block__bgImage\" style=\"background: url(https:\/\/www.actonshotelkinsale.com\/wp-content\/uploads\/2026\/03\/Sidneys-Bar-Pau-new.jpg) center center \/ cover no-repeat;\"><\/div>\n               <div class=\"call-to-action-block__bgImage\" style=\"background: url(https:\/\/www.actonshotelkinsale.com\/wp-content\/uploads\/2022\/06\/Garden-Lounge-scaled.jpg) center center \/ cover no-repeat;\"><\/div>\n               <div class=\"call-to-action-block__bgImage\" style=\"background: url(https:\/\/www.actonshotelkinsale.com\/wp-content\/uploads\/2022\/06\/Scone-scaled.jpg) center center \/ cover no-repeat;\"><\/div>\n               <div class=\"call-to-action-block__bgImage\" style=\"background: url(https:\/\/www.actonshotelkinsale.com\/wp-content\/uploads\/2022\/06\/the_van.jpg) center center \/ cover no-repeat;\"><\/div>\n               <div class=\"call-to-action-block__bgImage\" style=\"background: url(https:\/\/www.actonshotelkinsale.com\/wp-content\/uploads\/2022\/06\/Sidney_s-outside-area-.png) center center \/ cover no-repeat;\"><\/div>\n               <div class=\"call-to-action-block__bgImage\" style=\"background: url(https:\/\/www.actonshotelkinsale.com\/wp-content\/uploads\/2022\/06\/drinks-shot-.png) center center \/ cover no-repeat;\"><\/div>\n         <\/div>\n\n         <div class=\"row\">\n         <div class=\"col-lg-1\">\n            <button class=\"call-to-action-block__prev prev arrow\"><i class=\"fas fa-chevron-left\"><\/i><\/button>\n         <\/div>\n         <div class=\"call-to-action-block__text col-lg-10\" data-aos=\"fade-up\">\n                     <\/div>\n         <div class=\"col-lg-1\">\n            <button class=\"call-to-action-block__next next arrow\"><i class=\"fas fa-chevron-right\"><\/i><\/button>\n         <\/div>\n         <div class=\"call-to-action-block__dots dots-wrapper\"><\/div>\n\n         <div class=\"call-to-action-block__mobile\">\n            <button class=\"call-to-action-block__prev prev arrow\"><i class=\"fas fa-chevron-left\"><\/i><\/button>\n            <button class=\"call-to-action-block__next next arrow\"><i class=\"fas fa-chevron-right\"><\/i><\/button>\n         <\/div>\n      <\/div>\n<\/div>\n\n\n  \n<\/div>\n\n\n\n\n\n<div id=\"block_ff415883098a344919f272aaa2fec85c\" class=\"content-block two-column-image-block spacing-top spacing-bottom\">\n             \n  \n\n<div class=\"row align-items-center flex-row-reverse\">\n    <div class=\"col-lg-6 offset-lg-1 two-column-image-block__image\" data-aos=\"fade-down\" data-aos-delay=\"400\">\n                    <div class=\"img-wrapper\"><img decoding=\"async\" src=\"https:\/\/www.actonshotelkinsale.com\/wp-content\/uploads\/2022\/06\/Private-Functions@2x.jpg\" alt=\"\" title=\"Private Funktionen@2x\"><\/div>\n            <\/div>\n\n    <div class=\"col-lg-4 offset-lg-1 two-column-image-block__text spacing-mobile\" data-aos=\"fade-up\">\n        <h2 class=\"fs-2\">Private Veranstaltungen<\/h2>\n<p>Die glamour\u00f6se Garden Lounge von Actons ist die beste Adresse der Stadt f\u00fcr einen besonderen Anlass. Von zwanglosen Feiern mit Drinks und Canap\u00e9s bis hin zu formellen Feiern mit ma\u00dfgeschneidertem Men\u00fc bietet die Garden Lounge bequem Platz f\u00fcr bis zu 50 G\u00e4ste. Um stilvoll zu feiern, buchen Sie noch heute Ihre private Veranstaltung telefonisch unter +353 (0) 21 477 99 00 oder per E-Mail an ieaton@actonshotelkinsale.com.<\/p>\n\n    <\/div>\n<\/div>\n\n\n\n  \n<\/div>","protected":false},"excerpt":{"rendered":"<p> [&#8230;]<\/p>\n<p><a class=\"btn btn-secondary understrap-read-more-link\" href=\"https:\/\/www.actonshotelkinsale.com\/de\/dining\/sidneys-bar-and-garden-lounge\/\">Weiterlesen...<\/a><\/p>","protected":false},"author":4,"featured_media":0,"parent":1606,"menu_order":0,"comment_status":"closed","ping_status":"closed","template":"","meta":{"_acf_changed":true,"inline_featured_image":false,"footnotes":""},"class_list":["post-1613","page","type-page","status-publish","hentry"],"acf":[],"yoast_head":"<!-- This site is optimized with the Yoast SEO plugin v27.5 - https:\/\/yoast.com\/product\/yoast-seo-wordpress\/ -->\n<title>Sidney&#039;s Bar &amp; Garden Lounge | Kinsale Lunch | Outdoor Dining Kinsale<\/title>\n<meta name=\"description\" content=\"A casual, all-day dining destination, Sidney\u2019s Bar &amp; Garden serves up great food and drinks. Join us for a light lunch, afternoon snack or 3-course dinner.\" \/>\n<meta name=\"robots\" content=\"index, follow, max-snippet:-1, max-image-preview:large, max-video-preview:-1\" \/>\n<link rel=\"canonical\" href=\"https:\/\/www.actonshotelkinsale.com\/de\/dining\/sidneys-bar-and-garden-lounge\/\" \/>\n<meta property=\"og:locale\" content=\"de_DE\" \/>\n<meta property=\"og:type\" content=\"article\" \/>\n<meta property=\"og:title\" content=\"Sidney&#039;s Bar &amp; Garden Lounge | Kinsale Lunch | Outdoor Dining Kinsale\" \/>\n<meta property=\"og:description\" content=\"A casual, all-day dining destination, Sidney\u2019s Bar &amp; Garden serves up great food and drinks. Join us for a light lunch, afternoon snack or 3-course dinner.\" \/>\n<meta property=\"og:url\" content=\"https:\/\/www.actonshotelkinsale.com\/de\/dining\/sidneys-bar-and-garden-lounge\/\" \/>\n<meta property=\"og:site_name\" content=\"Actons Hotel Kinsale\" \/>\n<meta property=\"article:modified_time\" content=\"2026-03-04T11:24:44+00:00\" \/>\n<meta name=\"twitter:card\" content=\"summary_large_image\" \/>\n<script type=\"application\/ld+json\" class=\"yoast-schema-graph\">{\"@context\":\"https:\\\/\\\/schema.org\",\"@graph\":[{\"@type\":\"WebPage\",\"@id\":\"https:\\\/\\\/www.actonshotelkinsale.com\\\/dining\\\/sidneys-bar-and-garden-lounge\\\/\",\"url\":\"https:\\\/\\\/www.actonshotelkinsale.com\\\/dining\\\/sidneys-bar-and-garden-lounge\\\/\",\"name\":\"Sidney's Bar & Garden Lounge | Kinsale Lunch | Outdoor Dining Kinsale\",\"isPartOf\":{\"@id\":\"https:\\\/\\\/www.actonshotelkinsale.com\\\/#website\"},\"datePublished\":\"2022-06-22T16:49:59+00:00\",\"dateModified\":\"2026-03-04T11:24:44+00:00\",\"description\":\"A casual, all-day dining destination, Sidney\u2019s Bar & Garden serves up great food and drinks. Join us for a light lunch, afternoon snack or 3-course dinner.\",\"breadcrumb\":{\"@id\":\"https:\\\/\\\/www.actonshotelkinsale.com\\\/dining\\\/sidneys-bar-and-garden-lounge\\\/#breadcrumb\"},\"inLanguage\":\"de-DE\",\"potentialAction\":[{\"@type\":\"ReadAction\",\"target\":[\"https:\\\/\\\/www.actonshotelkinsale.com\\\/dining\\\/sidneys-bar-and-garden-lounge\\\/\"]}]},{\"@type\":\"BreadcrumbList\",\"@id\":\"https:\\\/\\\/www.actonshotelkinsale.com\\\/dining\\\/sidneys-bar-and-garden-lounge\\\/#breadcrumb\",\"itemListElement\":[{\"@type\":\"ListItem\",\"position\":1,\"name\":\"Home\",\"item\":\"https:\\\/\\\/www.actonshotelkinsale.com\\\/\"},{\"@type\":\"ListItem\",\"position\":2,\"name\":\"Dining\",\"item\":\"https:\\\/\\\/www.actonshotelkinsale.com\\\/dining\\\/\"},{\"@type\":\"ListItem\",\"position\":3,\"name\":\"Sidney\u2019s Bar and Garden Lounge\"}]},{\"@type\":\"WebSite\",\"@id\":\"https:\\\/\\\/www.actonshotelkinsale.com\\\/#website\",\"url\":\"https:\\\/\\\/www.actonshotelkinsale.com\\\/\",\"name\":\"Actons Hotel Kinsale\",\"description\":\"A kinsale classic since 1946\",\"potentialAction\":[{\"@type\":\"SearchAction\",\"target\":{\"@type\":\"EntryPoint\",\"urlTemplate\":\"https:\\\/\\\/www.actonshotelkinsale.com\\\/?s={search_term_string}\"},\"query-input\":{\"@type\":\"PropertyValueSpecification\",\"valueRequired\":true,\"valueName\":\"search_term_string\"}}],\"inLanguage\":\"de-DE\"}]}<\/script>\n<!-- \/ Yoast SEO plugin. -->","yoast_head_json":{"title":"Sidney's Bar & Garden Lounge | Kinsale Lunch | Outdoor Dining Kinsale","description":"A casual, all-day dining destination, Sidney\u2019s Bar & Garden serves up great food and drinks. Join us for a light lunch, afternoon snack or 3-course dinner.","robots":{"index":"index","follow":"follow","max-snippet":"max-snippet:-1","max-image-preview":"max-image-preview:large","max-video-preview":"max-video-preview:-1"},"canonical":"https:\/\/www.actonshotelkinsale.com\/de\/dining\/sidneys-bar-and-garden-lounge\/","og_locale":"de_DE","og_type":"article","og_title":"Sidney's Bar & Garden Lounge | Kinsale Lunch | Outdoor Dining Kinsale","og_description":"A casual, all-day dining destination, Sidney\u2019s Bar & Garden serves up great food and drinks. Join us for a light lunch, afternoon snack or 3-course dinner.","og_url":"https:\/\/www.actonshotelkinsale.com\/de\/dining\/sidneys-bar-and-garden-lounge\/","og_site_name":"Actons Hotel Kinsale","article_modified_time":"2026-03-04T11:24:44+00:00","twitter_card":"summary_large_image","schema":{"@context":"https:\/\/schema.org","@graph":[{"@type":"WebPage","@id":"https:\/\/www.actonshotelkinsale.com\/dining\/sidneys-bar-and-garden-lounge\/","url":"https:\/\/www.actonshotelkinsale.com\/dining\/sidneys-bar-and-garden-lounge\/","name":"Sidney's Bar & Garden Lounge | Kinsale Lunch | Outdoor Dining Kinsale","isPartOf":{"@id":"https:\/\/www.actonshotelkinsale.com\/#website"},"datePublished":"2022-06-22T16:49:59+00:00","dateModified":"2026-03-04T11:24:44+00:00","description":"A casual, all-day dining destination, Sidney\u2019s Bar & Garden serves up great food and drinks. Join us for a light lunch, afternoon snack or 3-course dinner.","breadcrumb":{"@id":"https:\/\/www.actonshotelkinsale.com\/dining\/sidneys-bar-and-garden-lounge\/#breadcrumb"},"inLanguage":"de-DE","potentialAction":[{"@type":"ReadAction","target":["https:\/\/www.actonshotelkinsale.com\/dining\/sidneys-bar-and-garden-lounge\/"]}]},{"@type":"BreadcrumbList","@id":"https:\/\/www.actonshotelkinsale.com\/dining\/sidneys-bar-and-garden-lounge\/#breadcrumb","itemListElement":[{"@type":"ListItem","position":1,"name":"Home","item":"https:\/\/www.actonshotelkinsale.com\/"},{"@type":"ListItem","position":2,"name":"Dining","item":"https:\/\/www.actonshotelkinsale.com\/dining\/"},{"@type":"ListItem","position":3,"name":"Sidney\u2019s Bar and Garden Lounge"}]},{"@type":"WebSite","@id":"https:\/\/www.actonshotelkinsale.com\/#website","url":"https:\/\/www.actonshotelkinsale.com\/","name":"Actons Hotel Kinsale","description":"A kinsale classic since 1946","potentialAction":[{"@type":"SearchAction","target":{"@type":"EntryPoint","urlTemplate":"https:\/\/www.actonshotelkinsale.com\/?s={search_term_string}"},"query-input":{"@type":"PropertyValueSpecification","valueRequired":true,"valueName":"search_term_string"}}],"inLanguage":"de-DE"}]}},"_links":{"self":[{"href":"https:\/\/www.actonshotelkinsale.com\/de\/wp-json\/wp\/v2\/pages\/1613","targetHints":{"allow":["GET"]}}],"collection":[{"href":"https:\/\/www.actonshotelkinsale.com\/de\/wp-json\/wp\/v2\/pages"}],"about":[{"href":"https:\/\/www.actonshotelkinsale.com\/de\/wp-json\/wp\/v2\/types\/page"}],"author":[{"embeddable":true,"href":"https:\/\/www.actonshotelkinsale.com\/de\/wp-json\/wp\/v2\/users\/4"}],"replies":[{"embeddable":true,"href":"https:\/\/www.actonshotelkinsale.com\/de\/wp-json\/wp\/v2\/comments?post=1613"}],"version-history":[{"count":0,"href":"https:\/\/www.actonshotelkinsale.com\/de\/wp-json\/wp\/v2\/pages\/1613\/revisions"}],"up":[{"embeddable":true,"href":"https:\/\/www.actonshotelkinsale.com\/de\/wp-json\/wp\/v2\/pages\/1606"}],"wp:attachment":[{"href":"https:\/\/www.actonshotelkinsale.com\/de\/wp-json\/wp\/v2\/media?parent=1613"}],"curies":[{"name":"wp","href":"https:\/\/api.w.org\/{rel}","templated":true}]}}