{"id":1579,"date":"2022-06-22T16:10:45","date_gmt":"2022-06-22T16:10:45","guid":{"rendered":"https:\/\/actons.local\/?page_id=1579"},"modified":"2022-06-28T18:41:19","modified_gmt":"2022-06-28T18:41:19","slug":"suites","status":"publish","type":"page","link":"https:\/\/www.actonshotelkinsale.com\/de\/suites\/","title":{"rendered":"Suiten"},"content":{"rendered":"<div id=\"block_62b33eee3a833\" class=\"content-block single-column-block spacing-top-md spacing-bottom-none\">\n             \n  \n  \n<div class=\"single-column-block__column col-lg-6\" data-aos=\"fade-up\">\n  <h1 class=\"fs-1\" style=\"text-align: center;\">Suiten<\/h1>\n<p style=\"text-align: center;\">Gro\u00dfz\u00fcgig und luxuri\u00f6s, mit spektakul\u00e4rem Hafenblick, sind unsere neu eingerichteten Suiten die besten Zimmer des Hauses. Ger\u00e4umige und elegante, lichtdurchflutete R\u00e4ume mit tiefen Kingsize-Betten, herrlichen Sitzecken, freistehenden Klauenfu\u00df-Badewannen und Nespresso-Maschinen warten auf Sie. Entspannen Sie sich mit Stil und feinstem Komfort in Kinsales urspr\u00fcnglichem Heritage Hotel.<\/p>\n\n<\/div>\n\n\n  \n<\/div>\n\n\n\n\n\n<div id=\"block_62b33f6e3a834\" class=\"content-block two-column-image-block spacing-top-md spacing-bottom-md\">\n             \n  \n\n<div class=\"row align-items-center flex-row-reverse\">\n    <div class=\"col-lg-6 offset-lg-1 two-column-image-block__image\" data-aos=\"fade-down\" data-aos-delay=\"400\">\n                    <div class=\"img-wrapper\"><img decoding=\"async\" src=\"https:\/\/www.actonshotelkinsale.com\/wp-content\/uploads\/2022\/06\/Old-Head-Suite@2x.jpg\" alt=\"\" title=\"Alte Kopf-Suite@2x\"><\/div>\n            <\/div>\n\n    <div class=\"col-lg-4 offset-lg-1 two-column-image-block__text spacing-mobile\" data-aos=\"fade-up\">\n        <h3 class=\"fs-4\">Master-Suite<\/h3>\n<h2 class=\"fs-2\">Alte Kopf-Suite<\/h2>\n<p>Unsere ger\u00e4umige und elegante Master-Suite ist k\u00f6stlich einladend. Genie\u00dfen Sie den Blick auf den Hafen durch f\u00fcnf hohe Fenster und lassen Sie sich in einem lichtdurchfluteten Raum mit separatem Wohnzimmer, freistehender Klauenfu\u00dfbadewanne und tiefem Kingsize-Bett verw\u00f6hnen.<\/p>\n<p><a class=\"custom-btn inline primary-outline\" href=\"https:\/\/actonshotelkinsale.com\/suite\/old-head-suite\/\">Zimmer besuchen<\/a><\/p>\n\n    <\/div>\n<\/div>\n\n\n\n  \n<\/div>\n\n\n\n\n\n<div id=\"block_62b33ffc3a835\" class=\"content-block two-column-image-block spacing-top-md spacing-bottom-md\">\n             \n  \n\n<div class=\"row align-items-center flex-row\">\n    <div class=\"col-lg-6 offset-lg-1 two-column-image-block__image\" data-aos=\"fade-down\" data-aos-delay=\"400\">\n                    <div class=\"img-wrapper\"><img decoding=\"async\" src=\"https:\/\/www.actonshotelkinsale.com\/wp-content\/uploads\/2022\/06\/Charles-Fort@2x.jpg\" alt=\"\" title=\"Charles Fort@2x\"><\/div>\n            <\/div>\n\n    <div class=\"col-lg-4 offset-lg-1 two-column-image-block__text spacing-mobile\" data-aos=\"fade-up\">\n        <h3 class=\"fs-4\">Unterschrift Suite<\/h3>\n<h2 class=\"fs-2\">Karl Fort<\/h2>\n<p>Die helle und sch\u00f6ne Charlesfort Suite ist eine zeitgem\u00e4\u00dfe Verbindung von Erbe und Gem\u00fctlichkeit. Sie bietet einen spektakul\u00e4ren Blick auf den Hafen, einen herrlichen Sitzbereich, ein luxuri\u00f6ses Schlafzimmer, einen Essbereich und ein beeindruckendes eigenes Bad.<\/p>\n<p><a class=\"custom-btn inline primary-outline\" href=\"https:\/\/actonshotelkinsale.com\/suite\/charles-fort\/\">Zimmer besuchen<\/a><\/p>\n\n    <\/div>\n<\/div>\n\n\n\n  \n<\/div>\n\n\n\n\n\n<div id=\"block_62b340573a836\" class=\"content-block two-column-image-block spacing-top-md spacing-bottom-md\">\n             \n  \n\n<div class=\"row align-items-center flex-row-reverse\">\n    <div class=\"col-lg-6 offset-lg-1 two-column-image-block__image\" data-aos=\"fade-down\" data-aos-delay=\"400\">\n                    <div class=\"img-wrapper\"><img decoding=\"async\" src=\"https:\/\/www.actonshotelkinsale.com\/wp-content\/uploads\/2022\/06\/James-Fort@2x-scaled.jpg\" alt=\"\" title=\"James Fort@2x\"><\/div>\n            <\/div>\n\n    <div class=\"col-lg-4 offset-lg-1 two-column-image-block__text spacing-mobile\" data-aos=\"fade-up\">\n        <h3 class=\"fs-4\">Unterschrift Suite<\/h3>\n<h2 class=\"fs-2\">James Fort<\/h2>\n<p>Genie\u00dfen Sie in unserer eleganten James-Fort-Suite das Beste des Heritage Chic mit hohen Decken, gro\u00dfen Fenstern, Hafenblick und einem herrlichen Wohnbereich.<\/p>\n<p><a class=\"custom-btn inline primary-outline\" href=\"https:\/\/actonshotelkinsale.com\/suite\/james-fort\/\">Zimmer besuchen<\/a><\/p>\n\n    <\/div>\n<\/div>\n\n\n\n  \n<\/div>\n\n\n\n\n\n<div id=\"block_62b340693a837\" class=\"content-block two-column-image-block spacing-top-md spacing-bottom-md\">\n             \n  \n\n<div class=\"row align-items-center flex-row\">\n    <div class=\"col-lg-6 offset-lg-1 two-column-image-block__image\" data-aos=\"fade-down\" data-aos-delay=\"400\">\n                    <div class=\"img-wrapper\"><img decoding=\"async\" src=\"https:\/\/www.actonshotelkinsale.com\/wp-content\/uploads\/2022\/06\/ONeill-Suite@2x.jpg\" alt=\"\" title=\"O&#039;Neill-Suite@2x\"><\/div>\n            <\/div>\n\n    <div class=\"col-lg-4 offset-lg-1 two-column-image-block__text spacing-mobile\" data-aos=\"fade-up\">\n        <h3 class=\"fs-4\">Unterschrift Suite<\/h3>\n<h2 class=\"fs-2\">O'Neill-Suite<\/h2>\n<p>Unsere gro\u00dfe O'Neill Suite ist eine opulente Suite mit herrlichem Blick auf den Hafen von Kinsale. Sie kombiniert einen luxuri\u00f6sen Wohn- und Essbereich mit einem beeindruckenden Schlafzimmer und einem stilvollen Badezimmer.<\/p>\n<p><a class=\"custom-btn inline primary-outline\" href=\"https:\/\/actonshotelkinsale.com\/suite\/oneill-suite\/\">Zimmer besuchen<\/a><\/p>\n\n    <\/div>\n<\/div>\n\n\n\n  \n<\/div>\n\n\n\n\n\n<div id=\"block_62b3409d3a838\" class=\"content-block two-column-image-block spacing-top-md spacing-bottom-md\">\n             \n  \n\n<div class=\"row align-items-center flex-row-reverse\">\n    <div class=\"col-lg-6 offset-lg-1 two-column-image-block__image\" data-aos=\"fade-down\" data-aos-delay=\"400\">\n                    <div class=\"img-wrapper\"><img decoding=\"async\" src=\"https:\/\/www.actonshotelkinsale.com\/wp-content\/uploads\/2022\/06\/Ringrone-Suite@2x.jpg\" alt=\"\" title=\"Ringrone Suite@2x\"><\/div>\n            <\/div>\n\n    <div class=\"col-lg-4 offset-lg-1 two-column-image-block__text spacing-mobile\" data-aos=\"fade-up\">\n        <h3 class=\"fs-4\">Unterschrift Suite<\/h3>\n<h2 class=\"fs-2\">Ringeltauben-Suite<\/h2>\n<p>In unserer eleganten Ringrone-Suite trifft Moderne auf Klassik. Gem\u00fctliche Fensterpl\u00e4tze, Hafenblick, ein lichtdurchflutetes Schlafzimmer und ein Wohnbereich sorgen f\u00fcr eine perfekte Flucht.<\/p>\n<p><a class=\"custom-btn inline primary-outline\" href=\"https:\/\/actonshotelkinsale.com\/suite\/ringrone-suite\/\">Zimmer besuchen<\/a><\/p>\n\n    <\/div>\n<\/div>\n\n\n\n  \n<\/div>\n\n\n\n\n\n<div id=\"block_62b340a93a839\" class=\"content-block two-column-image-block spacing-top-md spacing-bottom-md\">\n             \n  \n\n<div class=\"row align-items-center flex-row\">\n    <div class=\"col-lg-6 offset-lg-1 two-column-image-block__image\" data-aos=\"fade-down\" data-aos-delay=\"400\">\n                    <div class=\"img-wrapper\"><img decoding=\"async\" src=\"https:\/\/www.actonshotelkinsale.com\/wp-content\/uploads\/2022\/06\/Desmond-Suite@2x.jpg\" alt=\"\" title=\"Desmond Suite@2x\"><\/div>\n            <\/div>\n\n    <div class=\"col-lg-4 offset-lg-1 two-column-image-block__text spacing-mobile\" data-aos=\"fade-up\">\n        <h3 class=\"fs-4\">Junior-Suite<\/h3>\n<h2 class=\"fs-2\">Desmond-Suite<\/h2>\n<p>Die beeindruckende Desmond Suite ist ein Zimmer mit Aussicht, das modernen Komfort mit unserem traditionellen Design verbindet. Genie\u00dfen Sie den atemberaubenden Blick auf die K\u00fcste von Ihrem komfortablen Wohnbereich, dem luxuri\u00f6sen Bett und der Rolltop-Badewanne im Zimmer aus.<\/p>\n<p><a class=\"custom-btn inline primary-outline\" href=\"https:\/\/actonshotelkinsale.com\/suite\/desmond-suite\/\">Zimmer besuchen<\/a><\/p>\n\n    <\/div>\n<\/div>\n\n\n\n  \n<\/div>\n\n\n\n\n\n<div id=\"block_62b340ba3a83a\" class=\"content-block two-column-image-block spacing-top-md spacing-bottom\">\n             \n  \n\n<div class=\"row align-items-center flex-row-reverse\">\n    <div class=\"col-lg-6 offset-lg-1 two-column-image-block__image\" data-aos=\"fade-down\" data-aos-delay=\"400\">\n                    <div class=\"img-wrapper\"><img decoding=\"async\" src=\"https:\/\/www.actonshotelkinsale.com\/wp-content\/uploads\/2022\/06\/1601-Suite@2x.jpg\" alt=\"\" title=\"1601 Suite@2x\"><\/div>\n            <\/div>\n\n    <div class=\"col-lg-4 offset-lg-1 two-column-image-block__text spacing-mobile\" data-aos=\"fade-up\">\n        <h3 class=\"fs-4\">Junior-Suite<\/h3>\n<h2 class=\"fs-2\">1601 Suite<\/h2>\n<p>Unsere gem\u00fctlichste Suite bietet modernen Komfort mit Blick auf das Wasser, ein Kingsize-Bett, eine intime Sitzecke und eine luxuri\u00f6se Badewanne mit Klauenf\u00fc\u00dfen.<\/p>\n<p><a class=\"custom-btn inline primary-outline\" href=\"https:\/\/actonshotelkinsale.com\/suite\/1601-suite\/\">Zimmer besuchen<\/a><\/p>\n\n    <\/div>\n<\/div>\n\n\n\n  \n<\/div>\n\n\n\n\n\n<div id=\"block_62b340cb3a83b\" class=\"content-block testimonial-slider-block spacing-top-none spacing-bottom\">\n             \n  \n<div class=\"testimonial-slider-block__wrapper\">\n   <div class=\"row\">\n      <div class=\"col-lg-1\">\n         <button class=\"testimonial-slider-block__prev prev arrow\"><i class=\"fas fa-chevron-left\"><\/i><\/button>\n      <\/div>\n      <div class=\"testimonial-slider-block__text col-lg-10\">\n         <div class=\"container\">\n            <div class=\"testimonial-slider-block__carousel\">\n                                 <div class=\"testimonial-slider-block__carousel__item\">\n                                             <h3 class=\"fs-4 text-center\">Actons Hotel Nacht weg! <\/h3>\n                                          <p class=\"text-center\">Absolut erstaunlich von Anfang bis Ende. Blieb in R210 neu renoviert, wundersch\u00f6ne Zimmer. Alle Mitarbeiter waren sehr nett, von der Bar \u00fcber das Restaurant bis hin zum Freizeitzentrum... ein paar nette Kleinigkeiten wie die Voya-Toilettenartikel, die die besten sind, die ich je in einem Hotelbad gesehen habe.<\/p>\n                  <\/div>\n                                 <div class=\"testimonial-slider-block__carousel__item\">\n                                             <h3 class=\"fs-4 text-center\">Erstaunlicher Aufenthalt!<\/h3>\n                                          <p class=\"text-center\">Erstaunlich Aufenthalt im Actons Hotel f\u00fcr 2 N\u00e4chte f\u00fcr den Geburtstag von Freunden. Wir wohnten in der Charlefort Suite, die neu renoviert wurde und absolut fantastisch ist. Das Personal war wunderbar, das Essen ist gro\u00dfartig und es gibt eine brillante Auswahl, der Ort ist absolut makellos, und es ist in einer tollen Lage. W\u00fcrde es sehr empfehlen und auf jeden Fall wiederkommen! <\/p>\n                  <\/div>\n                                 <div class=\"testimonial-slider-block__carousel__item\">\n                                             <h3 class=\"fs-4 text-center\">Wunderbarer Aufenthalt im Actons Hotel<\/h3>\n                                          <p class=\"text-center\">Wir haben das Actons Hotel vor ein paar Wochenenden mit 5 Freunden aus Gro\u00dfbritannien besucht. Ich kann das Hotel nicht hoch genug loben. Die Zimmer waren fantastisch und das Personal war so nett und hilfsbereit. Ich war wirklich stolz darauf, Irin zu sein und meinen englischen Freunden mein Land zu zeigen! Vielen Dank an Actons f\u00fcr einen wunderbaren Aufenthalt.<\/p>\n                  <\/div>\n                           <\/div>\n         <\/div>\n      <\/div>\n      <div class=\"col-lg-1\">\n         <button class=\"testimonial-slider-block__next next arrow\"><i class=\"fas fa-chevron-right\"><\/i><\/button>\n      <\/div>\n      <div class=\"testimonial-slider-block__dots dots-wrapper\"><\/div>\n\n      <div class=\"testimonial-slider-block__mobile\">\n         <button class=\"testimonial-slider-block__prev prev arrow\"><i class=\"fas fa-chevron-left\"><\/i><\/button>\n         <button class=\"testimonial-slider-block__next next arrow\"><i class=\"fas fa-chevron-right\"><\/i><\/button>\n      <\/div>\n   <\/div>\n<\/div>\n\n\n  \n<\/div>","protected":false},"excerpt":{"rendered":"<p> [&#8230;]<\/p>\n<p><a class=\"btn btn-secondary understrap-read-more-link\" href=\"https:\/\/www.actonshotelkinsale.com\/de\/suites\/\">Weiterlesen...<\/a><\/p>","protected":false},"author":4,"featured_media":0,"parent":0,"menu_order":0,"comment_status":"closed","ping_status":"closed","template":"","meta":{"_acf_changed":false,"inline_featured_image":false,"footnotes":""},"class_list":["post-1579","page","type-page","status-publish","hentry"],"acf":[],"yoast_head":"<!-- This site is optimized with the Yoast SEO plugin v27.4 - https:\/\/yoast.com\/product\/yoast-seo-wordpress\/ -->\n<title>Kinsale Suites | Luxury Hotels Kinsale | Actons Hotel Kinsale<\/title>\n<meta name=\"description\" content=\"Lavish &amp; luxurious, with spectacular Kinsale harbour views, our suites are the best rooms in the house. Relax in style with the finest comforts. Book Now!\" \/>\n<meta name=\"robots\" content=\"index, follow, max-snippet:-1, max-image-preview:large, max-video-preview:-1\" \/>\n<link rel=\"canonical\" href=\"https:\/\/www.actonshotelkinsale.com\/de\/suites\/\" \/>\n<meta property=\"og:locale\" content=\"de_DE\" \/>\n<meta property=\"og:type\" content=\"article\" \/>\n<meta property=\"og:title\" content=\"Kinsale Suites | Luxury Hotels Kinsale | Actons Hotel Kinsale\" \/>\n<meta property=\"og:description\" content=\"Lavish &amp; luxurious, with spectacular Kinsale harbour views, our suites are the best rooms in the house. Relax in style with the finest comforts. Book Now!\" \/>\n<meta property=\"og:url\" content=\"https:\/\/www.actonshotelkinsale.com\/de\/suites\/\" \/>\n<meta property=\"og:site_name\" content=\"Actons Hotel Kinsale\" \/>\n<meta property=\"article:modified_time\" content=\"2022-06-28T18:41:19+00:00\" \/>\n<meta name=\"twitter:card\" content=\"summary_large_image\" \/>\n<script type=\"application\/ld+json\" class=\"yoast-schema-graph\">{\"@context\":\"https:\\\/\\\/schema.org\",\"@graph\":[{\"@type\":\"WebPage\",\"@id\":\"https:\\\/\\\/www.actonshotelkinsale.com\\\/suites\\\/\",\"url\":\"https:\\\/\\\/www.actonshotelkinsale.com\\\/suites\\\/\",\"name\":\"Kinsale Suites | Luxury Hotels Kinsale | Actons Hotel Kinsale\",\"isPartOf\":{\"@id\":\"https:\\\/\\\/www.actonshotelkinsale.com\\\/#website\"},\"datePublished\":\"2022-06-22T16:10:45+00:00\",\"dateModified\":\"2022-06-28T18:41:19+00:00\",\"description\":\"Lavish & luxurious, with spectacular Kinsale harbour views, our suites are the best rooms in the house. Relax in style with the finest comforts. Book Now!\",\"breadcrumb\":{\"@id\":\"https:\\\/\\\/www.actonshotelkinsale.com\\\/suites\\\/#breadcrumb\"},\"inLanguage\":\"de-DE\",\"potentialAction\":[{\"@type\":\"ReadAction\",\"target\":[\"https:\\\/\\\/www.actonshotelkinsale.com\\\/suites\\\/\"]}]},{\"@type\":\"BreadcrumbList\",\"@id\":\"https:\\\/\\\/www.actonshotelkinsale.com\\\/suites\\\/#breadcrumb\",\"itemListElement\":[{\"@type\":\"ListItem\",\"position\":1,\"name\":\"Home\",\"item\":\"https:\\\/\\\/www.actonshotelkinsale.com\\\/\"},{\"@type\":\"ListItem\",\"position\":2,\"name\":\"Suites\"}]},{\"@type\":\"WebSite\",\"@id\":\"https:\\\/\\\/www.actonshotelkinsale.com\\\/#website\",\"url\":\"https:\\\/\\\/www.actonshotelkinsale.com\\\/\",\"name\":\"Actons Hotel Kinsale\",\"description\":\"A kinsale classic since 1946\",\"potentialAction\":[{\"@type\":\"SearchAction\",\"target\":{\"@type\":\"EntryPoint\",\"urlTemplate\":\"https:\\\/\\\/www.actonshotelkinsale.com\\\/?s={search_term_string}\"},\"query-input\":{\"@type\":\"PropertyValueSpecification\",\"valueRequired\":true,\"valueName\":\"search_term_string\"}}],\"inLanguage\":\"de-DE\"}]}<\/script>\n<!-- \/ Yoast SEO plugin. -->","yoast_head_json":{"title":"Kinsale Suites | Luxury Hotels Kinsale | Actons Hotel Kinsale","description":"Lavish & luxurious, with spectacular Kinsale harbour views, our suites are the best rooms in the house. Relax in style with the finest comforts. Book Now!","robots":{"index":"index","follow":"follow","max-snippet":"max-snippet:-1","max-image-preview":"max-image-preview:large","max-video-preview":"max-video-preview:-1"},"canonical":"https:\/\/www.actonshotelkinsale.com\/de\/suites\/","og_locale":"de_DE","og_type":"article","og_title":"Kinsale Suites | Luxury Hotels Kinsale | Actons Hotel Kinsale","og_description":"Lavish & luxurious, with spectacular Kinsale harbour views, our suites are the best rooms in the house. Relax in style with the finest comforts. Book Now!","og_url":"https:\/\/www.actonshotelkinsale.com\/de\/suites\/","og_site_name":"Actons Hotel Kinsale","article_modified_time":"2022-06-28T18:41:19+00:00","twitter_card":"summary_large_image","schema":{"@context":"https:\/\/schema.org","@graph":[{"@type":"WebPage","@id":"https:\/\/www.actonshotelkinsale.com\/suites\/","url":"https:\/\/www.actonshotelkinsale.com\/suites\/","name":"Kinsale Suites | Luxury Hotels Kinsale | Actons Hotel Kinsale","isPartOf":{"@id":"https:\/\/www.actonshotelkinsale.com\/#website"},"datePublished":"2022-06-22T16:10:45+00:00","dateModified":"2022-06-28T18:41:19+00:00","description":"Lavish & luxurious, with spectacular Kinsale harbour views, our suites are the best rooms in the house. Relax in style with the finest comforts. Book Now!","breadcrumb":{"@id":"https:\/\/www.actonshotelkinsale.com\/suites\/#breadcrumb"},"inLanguage":"de-DE","potentialAction":[{"@type":"ReadAction","target":["https:\/\/www.actonshotelkinsale.com\/suites\/"]}]},{"@type":"BreadcrumbList","@id":"https:\/\/www.actonshotelkinsale.com\/suites\/#breadcrumb","itemListElement":[{"@type":"ListItem","position":1,"name":"Home","item":"https:\/\/www.actonshotelkinsale.com\/"},{"@type":"ListItem","position":2,"name":"Suites"}]},{"@type":"WebSite","@id":"https:\/\/www.actonshotelkinsale.com\/#website","url":"https:\/\/www.actonshotelkinsale.com\/","name":"Actons Hotel Kinsale","description":"A kinsale classic since 1946","potentialAction":[{"@type":"SearchAction","target":{"@type":"EntryPoint","urlTemplate":"https:\/\/www.actonshotelkinsale.com\/?s={search_term_string}"},"query-input":{"@type":"PropertyValueSpecification","valueRequired":true,"valueName":"search_term_string"}}],"inLanguage":"de-DE"}]}},"_links":{"self":[{"href":"https:\/\/www.actonshotelkinsale.com\/de\/wp-json\/wp\/v2\/pages\/1579","targetHints":{"allow":["GET"]}}],"collection":[{"href":"https:\/\/www.actonshotelkinsale.com\/de\/wp-json\/wp\/v2\/pages"}],"about":[{"href":"https:\/\/www.actonshotelkinsale.com\/de\/wp-json\/wp\/v2\/types\/page"}],"author":[{"embeddable":true,"href":"https:\/\/www.actonshotelkinsale.com\/de\/wp-json\/wp\/v2\/users\/4"}],"replies":[{"embeddable":true,"href":"https:\/\/www.actonshotelkinsale.com\/de\/wp-json\/wp\/v2\/comments?post=1579"}],"version-history":[{"count":0,"href":"https:\/\/www.actonshotelkinsale.com\/de\/wp-json\/wp\/v2\/pages\/1579\/revisions"}],"wp:attachment":[{"href":"https:\/\/www.actonshotelkinsale.com\/de\/wp-json\/wp\/v2\/media?parent=1579"}],"curies":[{"name":"wp","href":"https:\/\/api.w.org\/{rel}","templated":true}]}}